{"id":970,"date":"2022-06-20T13:10:10","date_gmt":"2022-06-20T16:10:10","guid":{"rendered":"https:\/\/site.hima.com.br\/?page_id=970"},"modified":"2025-10-17T07:12:19","modified_gmt":"2025-10-17T10:12:19","slug":"wave","status":"publish","type":"page","link":"https:\/\/www.lazzinterni.com.br\/es\/colecao\/mesas-de-centro\/wave\/","title":{"rendered":"Wave"},"content":{"rendered":"<div data-elementor-type=\"wp-page\" data-elementor-id=\"970\" class=\"elementor elementor-970\">\n\t\t\t\t\t\t<section class=\"elementor-section elementor-top-section elementor-element elementor-element-2ad7379 elementor-section-boxed elementor-section-height-default elementor-section-height-default\" data-id=\"2ad7379\" data-element_type=\"section\" data-e-type=\"section\" data-settings=\"{&quot;background_background&quot;:&quot;classic&quot;}\">\n\t\t\t\t\t\t<div class=\"elementor-container elementor-column-gap-default\">\n\t\t\t\t\t<div class=\"elementor-column elementor-col-100 elementor-top-column elementor-element elementor-element-301e29d\" data-id=\"301e29d\" data-element_type=\"column\" data-e-type=\"column\">\n\t\t\t<div class=\"elementor-widget-wrap elementor-element-populated\">\n\t\t\t\t\t\t<div class=\"elementor-element elementor-element-df25667 elementor-widget elementor-widget-spacer\" data-id=\"df25667\" data-element_type=\"widget\" data-e-type=\"widget\" data-widget_type=\"spacer.default\">\n\t\t\t\t<div class=\"elementor-widget-container\">\n\t\t\t\t\t\t\t<div class=\"elementor-spacer\">\n\t\t\t<div class=\"elementor-spacer-inner\"><\/div>\n\t\t<\/div>\n\t\t\t\t\t\t<\/div>\n\t\t\t\t<\/div>\n\t\t\t\t\t<\/div>\n\t\t<\/div>\n\t\t\t\t\t<\/div>\n\t\t<\/section>\n\t\t\t\t<section class=\"elementor-section elementor-top-section elementor-element elementor-element-731c8237 elementor-section-boxed elementor-section-height-default elementor-section-height-default\" data-id=\"731c8237\" data-element_type=\"section\" data-e-type=\"section\">\n\t\t\t\t\t\t<div class=\"elementor-container elementor-column-gap-default\">\n\t\t\t\t\t<div class=\"elementor-column elementor-col-100 elementor-top-column elementor-element elementor-element-1ef14505\" data-id=\"1ef14505\" data-element_type=\"column\" data-e-type=\"column\">\n\t\t\t<div class=\"elementor-widget-wrap elementor-element-populated\">\n\t\t\t\t\t\t<div class=\"elementor-element elementor-element-4ee52cb4 elementor-widget elementor-widget-heading\" data-id=\"4ee52cb4\" data-element_type=\"widget\" data-e-type=\"widget\" data-widget_type=\"heading.default\">\n\t\t\t\t<div class=\"elementor-widget-container\">\n\t\t\t\t\t<h3 class=\"elementor-heading-title elementor-size-default\">Wave<\/h3>\t\t\t\t<\/div>\n\t\t\t\t<\/div>\n\t\t\t\t<div class=\"elementor-element elementor-element-6364a7b elementor-widget elementor-widget-spacer\" data-id=\"6364a7b\" data-element_type=\"widget\" data-e-type=\"widget\" data-widget_type=\"spacer.default\">\n\t\t\t\t<div class=\"elementor-widget-container\">\n\t\t\t\t\t\t\t<div class=\"elementor-spacer\">\n\t\t\t<div class=\"elementor-spacer-inner\"><\/div>\n\t\t<\/div>\n\t\t\t\t\t\t<\/div>\n\t\t\t\t<\/div>\n\t\t\t\t<div class=\"elementor-element elementor-element-283fa77 elementor-widget elementor-widget-image\" data-id=\"283fa77\" data-element_type=\"widget\" data-e-type=\"widget\" data-widget_type=\"image.default\">\n\t\t\t\t<div class=\"elementor-widget-container\">\n\t\t\t\t\t\t\t\t\t\t\t\t\t\t\t<img fetchpriority=\"high\" decoding=\"async\" width=\"869\" height=\"375\" src=\"https:\/\/www.lazzinterni.com.br\/wp-content\/uploads\/2022\/06\/MC-WAVE-2-e1670850922812.jpg\" class=\"attachment-2048x2048 size-2048x2048 wp-image-1865\" alt=\"\" srcset=\"https:\/\/www.lazzinterni.com.br\/wp-content\/uploads\/2022\/06\/MC-WAVE-2-e1670850922812.jpg 869w, https:\/\/www.lazzinterni.com.br\/wp-content\/uploads\/2022\/06\/MC-WAVE-2-e1670850922812-300x129.jpg 300w, https:\/\/www.lazzinterni.com.br\/wp-content\/uploads\/2022\/06\/MC-WAVE-2-e1670850922812-768x331.jpg 768w, https:\/\/www.lazzinterni.com.br\/wp-content\/uploads\/2022\/06\/MC-WAVE-2-e1670850922812-18x8.jpg 18w\" sizes=\"(max-width: 869px) 100vw, 869px\" \/>\t\t\t\t\t\t\t\t\t\t\t\t\t\t\t<\/div>\n\t\t\t\t<\/div>\n\t\t\t\t\t<\/div>\n\t\t<\/div>\n\t\t\t\t\t<\/div>\n\t\t<\/section>\n\t\t\t\t<section class=\"elementor-section elementor-top-section elementor-element elementor-element-3fbd93e elementor-section-boxed elementor-section-height-default elementor-section-height-default\" data-id=\"3fbd93e\" data-element_type=\"section\" data-e-type=\"section\">\n\t\t\t\t\t\t<div class=\"elementor-container elementor-column-gap-default\">\n\t\t\t\t\t<div class=\"elementor-column elementor-col-100 elementor-top-column elementor-element elementor-element-7d622e5b\" data-id=\"7d622e5b\" data-element_type=\"column\" data-e-type=\"column\">\n\t\t\t<div class=\"elementor-widget-wrap elementor-element-populated\">\n\t\t\t\t\t\t<div class=\"elementor-element elementor-element-572f4347 elementor-widget elementor-widget-text-editor\" data-id=\"572f4347\" data-element_type=\"widget\" data-e-type=\"widget\" data-widget_type=\"text-editor.default\">\n\t\t\t\t<div class=\"elementor-widget-container\">\n\t\t\t\t\t\t\t\t\t<p>La mesa de centro Wave est\u00e1 inspirada en las olas del mar, transmitiendo ligereza y tranquilidad a los ambientes donde se integra. Su dise\u00f1o presenta un interior calado, reforzando la sensaci\u00f3n de armon\u00eda y destacando curvas de distintos tama\u00f1os que remiten al movimiento de las olas.<\/p><p><strong>Designer: Lazz Interni Studio<\/strong><\/p>\t\t\t\t\t\t\t\t<\/div>\n\t\t\t\t<\/div>\n\t\t\t\t\t<\/div>\n\t\t<\/div>\n\t\t\t\t\t<\/div>\n\t\t<\/section>\n\t\t\t\t<section class=\"elementor-section elementor-top-section elementor-element elementor-element-41a27c5 elementor-section-boxed elementor-section-height-default elementor-section-height-default\" data-id=\"41a27c5\" data-element_type=\"section\" data-e-type=\"section\">\n\t\t\t\t\t\t<div class=\"elementor-container elementor-column-gap-default\">\n\t\t\t\t\t<div class=\"elementor-column elementor-col-100 elementor-top-column elementor-element elementor-element-c952e09\" data-id=\"c952e09\" data-element_type=\"column\" data-e-type=\"column\">\n\t\t\t<div class=\"elementor-widget-wrap elementor-element-populated\">\n\t\t\t\t\t\t<div class=\"elementor-element elementor-element-f0d3742 elementor-pagination-position-inside elementor-widget elementor-widget-image-carousel\" data-id=\"f0d3742\" data-element_type=\"widget\" data-e-type=\"widget\" data-settings=\"{&quot;slides_to_show&quot;:&quot;1&quot;,&quot;navigation&quot;:&quot;dots&quot;,&quot;autoplay&quot;:&quot;yes&quot;,&quot;pause_on_hover&quot;:&quot;yes&quot;,&quot;pause_on_interaction&quot;:&quot;yes&quot;,&quot;autoplay_speed&quot;:5000,&quot;infinite&quot;:&quot;yes&quot;,&quot;effect&quot;:&quot;slide&quot;,&quot;speed&quot;:500}\" data-widget_type=\"image-carousel.default\">\n\t\t\t\t<div class=\"elementor-widget-container\">\n\t\t\t\t\t\t\t<div class=\"elementor-image-carousel-wrapper swiper\" role=\"region\" aria-roledescription=\"carousel\" aria-label=\"Carrossel de imagens\" dir=\"ltr\">\n\t\t\t<div class=\"elementor-image-carousel swiper-wrapper swiper-image-stretch\" aria-live=\"off\">\n\t\t\t\t\t\t\t\t<div class=\"swiper-slide\" role=\"group\" aria-roledescription=\"slide\" aria-label=\"1 de 1\" data-no-translation-aria-label=\"\"><figure class=\"swiper-slide-inner\"><img decoding=\"async\" class=\"swiper-slide-image\" src=\"https:\/\/www.lazzinterni.com.br\/wp-content\/uploads\/2022\/08\/MC-Wave-scaled.jpg\" alt=\"Wave\" \/><\/figure><\/div>\t\t\t<\/div>\n\t\t\t\t\t<\/div>\n\t\t\t\t\t\t<\/div>\n\t\t\t\t<\/div>\n\t\t\t\t<div class=\"elementor-element elementor-element-a339766 elementor-widget elementor-widget-spacer\" data-id=\"a339766\" data-element_type=\"widget\" data-e-type=\"widget\" data-widget_type=\"spacer.default\">\n\t\t\t\t<div class=\"elementor-widget-container\">\n\t\t\t\t\t\t\t<div class=\"elementor-spacer\">\n\t\t\t<div class=\"elementor-spacer-inner\"><\/div>\n\t\t<\/div>\n\t\t\t\t\t\t<\/div>\n\t\t\t\t<\/div>\n\t\t\t\t<div class=\"elementor-element elementor-element-73f1430 elementor-widget elementor-widget-toggle\" data-id=\"73f1430\" data-element_type=\"widget\" data-e-type=\"widget\" data-widget_type=\"toggle.default\">\n\t\t\t\t<div class=\"elementor-widget-container\">\n\t\t\t\t\t\t\t<div class=\"elementor-toggle\">\n\t\t\t\t\t\t\t<div class=\"elementor-toggle-item\">\n\t\t\t\t\t<div id=\"elementor-tab-title-1211\" class=\"elementor-tab-title\" data-tab=\"1\" role=\"button\" aria-controls=\"elementor-tab-content-1211\" aria-expanded=\"false\">\n\t\t\t\t\t\t\t\t\t\t\t\t<span class=\"elementor-toggle-icon elementor-toggle-icon-right\" aria-hidden=\"true\">\n\t\t\t\t\t\t\t\t\t\t\t\t\t\t\t<span class=\"elementor-toggle-icon-closed\"><i class=\"fas fa-chevron-down\"><\/i><\/span>\n\t\t\t\t\t\t\t\t<span class=\"elementor-toggle-icon-opened\"><i class=\"elementor-toggle-icon-opened fas fa-chevron-up\"><\/i><\/span>\n\t\t\t\t\t\t\t\t\t\t\t\t\t<\/span>\n\t\t\t\t\t\t\t\t\t\t\t\t<a class=\"elementor-toggle-title\" tabindex=\"0\">Detalles<\/a>\n\t\t\t\t\t<\/div>\n\n\t\t\t\t\t<div id=\"elementor-tab-content-1211\" class=\"elementor-tab-content elementor-clearfix\" data-tab=\"1\" role=\"region\" aria-labelledby=\"elementor-tab-title-1211\"><p>Tapa de chapa de roble claro.<\/p><p>Base de ante lacado con borde visto.<\/p><p>Exterior de hoja de canela con te\u00f1ido de \u00e1mbar.<\/p><p>Interno em l<span style=\"font-family: Quicksand, sans-serif; font-size: 18px; font-style: normal; font-variant-ligatures: normal; font-variant-caps: normal; font-weight: 400; color: var( --e-global-color-text );\">Interior de pala canela con tinte moka.<\/span><\/p><\/div>\n\t\t\t\t<\/div>\n\t\t\t\t\t\t\t<div class=\"elementor-toggle-item\">\n\t\t\t\t\t<div id=\"elementor-tab-title-1212\" class=\"elementor-tab-title\" data-tab=\"2\" role=\"button\" aria-controls=\"elementor-tab-content-1212\" aria-expanded=\"false\">\n\t\t\t\t\t\t\t\t\t\t\t\t<span class=\"elementor-toggle-icon elementor-toggle-icon-right\" aria-hidden=\"true\">\n\t\t\t\t\t\t\t\t\t\t\t\t\t\t\t<span class=\"elementor-toggle-icon-closed\"><i class=\"fas fa-chevron-down\"><\/i><\/span>\n\t\t\t\t\t\t\t\t<span class=\"elementor-toggle-icon-opened\"><i class=\"elementor-toggle-icon-opened fas fa-chevron-up\"><\/i><\/span>\n\t\t\t\t\t\t\t\t\t\t\t\t\t<\/span>\n\t\t\t\t\t\t\t\t\t\t\t\t<a class=\"elementor-toggle-title\" tabindex=\"0\">Dimensiones<\/a>\n\t\t\t\t\t<\/div>\n\n\t\t\t\t\t<div id=\"elementor-tab-content-1212\" class=\"elementor-tab-content elementor-clearfix\" data-tab=\"2\" role=\"region\" aria-labelledby=\"elementor-tab-title-1212\"><p>MC0180 &#8211; L 152 x P 50 x A 30cm<\/p><\/div>\n\t\t\t\t<\/div>\n\t\t\t\t\t\t\t\t<\/div>\n\t\t\t\t\t\t<\/div>\n\t\t\t\t<\/div>\n\t\t\t\t\t<\/div>\n\t\t<\/div>\n\t\t\t\t\t<\/div>\n\t\t<\/section>\n\t\t\t\t<section class=\"elementor-section elementor-top-section elementor-element elementor-element-c07d47e elementor-section-boxed elementor-section-height-default elementor-section-height-default\" data-id=\"c07d47e\" data-element_type=\"section\" data-e-type=\"section\">\n\t\t\t\t\t\t<div class=\"elementor-container elementor-column-gap-default\">\n\t\t\t\t\t<div class=\"elementor-column elementor-col-100 elementor-top-column elementor-element elementor-element-8ff8878\" data-id=\"8ff8878\" data-element_type=\"column\" data-e-type=\"column\">\n\t\t\t<div class=\"elementor-widget-wrap elementor-element-populated\">\n\t\t\t\t\t\t<div class=\"elementor-element elementor-element-2a7b16c elementor-widget elementor-widget-heading\" data-id=\"2a7b16c\" data-element_type=\"widget\" data-e-type=\"widget\" data-widget_type=\"heading.default\">\n\t\t\t\t<div class=\"elementor-widget-container\">\n\t\t\t\t\t<h3 class=\"elementor-heading-title elementor-size-large\">Acabados Disponibles<\/h3>\t\t\t\t<\/div>\n\t\t\t\t<\/div>\n\t\t\t\t<div class=\"elementor-element elementor-element-6286a98 elementor-widget elementor-widget-heading\" data-id=\"6286a98\" data-element_type=\"widget\" data-e-type=\"widget\" data-widget_type=\"heading.default\">\n\t\t\t\t<div class=\"elementor-widget-container\">\n\t\t\t\t\t<h2 class=\"elementor-heading-title elementor-size-medium\">Tapa y Base<\/h2>\t\t\t\t<\/div>\n\t\t\t\t<\/div>\n\t\t\t\t<div class=\"elementor-element elementor-element-c9eef8f elementor-widget elementor-widget-heading\" data-id=\"c9eef8f\" data-element_type=\"widget\" data-e-type=\"widget\" data-widget_type=\"heading.default\">\n\t\t\t\t<div class=\"elementor-widget-container\">\n\t\t\t\t\t<h2 class=\"elementor-heading-title elementor-size-medium\">Chapa de Cinamomo, Roble o Nogal<\/h2>\t\t\t\t<\/div>\n\t\t\t\t<\/div>\n\t\t\t\t<div class=\"elementor-element elementor-element-23f27d4 elementor-widget elementor-widget-image-gallery\" data-id=\"23f27d4\" data-element_type=\"widget\" data-e-type=\"widget\" data-widget_type=\"image-gallery.default\">\n\t\t\t\t<div class=\"elementor-widget-container\">\n\t\t\t\t\t\t\t<div class=\"elementor-image-gallery\">\n\t\t\t<div id='gallery-1' class='gallery galleryid-970 gallery-columns-5 gallery-size-thumbnail'><figure class='gallery-item'>\n\t\t\t<div class='gallery-icon landscape'>\n\t\t\t\t<a data-elementor-open-lightbox=\"yes\" data-elementor-lightbox-slideshow=\"23f27d4\" data-e-action-hash=\"#elementor-action%3Aaction%3Dlightbox%26settings%3DeyJpZCI6OTgzNCwidXJsIjoiaHR0cHM6XC9cL3d3dy5sYXp6aW50ZXJuaS5jb20uYnJcL3dwLWNvbnRlbnRcL3VwbG9hZHNcLzIwMjRcLzAyXC9DaW5hbW9tby1BbWJhci5qcGVnIiwic2xpZGVzaG93IjoiMjNmMjdkNCJ9\" href='https:\/\/www.lazzinterni.com.br\/wp-content\/uploads\/2024\/02\/Cinamomo-Ambar.jpeg'><img decoding=\"async\" width=\"150\" height=\"150\" src=\"https:\/\/www.lazzinterni.com.br\/wp-content\/uploads\/2024\/02\/Cinamomo-Ambar-150x150.jpeg\" class=\"attachment-thumbnail size-thumbnail\" alt=\"\" aria-describedby=\"gallery-1-9834\" srcset=\"https:\/\/www.lazzinterni.com.br\/wp-content\/uploads\/2024\/02\/Cinamomo-Ambar-150x150.jpeg 150w, https:\/\/www.lazzinterni.com.br\/wp-content\/uploads\/2024\/02\/Cinamomo-Ambar-300x300.jpeg 300w, https:\/\/www.lazzinterni.com.br\/wp-content\/uploads\/2024\/02\/Cinamomo-Ambar-12x12.jpeg 12w, https:\/\/www.lazzinterni.com.br\/wp-content\/uploads\/2024\/02\/Cinamomo-Ambar-600x600.jpeg 600w, https:\/\/www.lazzinterni.com.br\/wp-content\/uploads\/2024\/02\/Cinamomo-Ambar.jpeg 640w\" sizes=\"(max-width: 150px) 100vw, 150px\" \/><\/a>\n\t\t\t<\/div>\n\t\t\t\t<figcaption class='wp-caption-text gallery-caption' id='gallery-1-9834'>\n\t\t\t\tCinamomo\n\t\t\t\t<\/figcaption><\/figure><figure class='gallery-item'>\n\t\t\t<div class='gallery-icon landscape'>\n\t\t\t\t<a data-elementor-open-lightbox=\"yes\" data-elementor-lightbox-slideshow=\"23f27d4\" data-e-action-hash=\"#elementor-action%3Aaction%3Dlightbox%26settings%3DeyJpZCI6OTgzNSwidXJsIjoiaHR0cHM6XC9cL3d3dy5sYXp6aW50ZXJuaS5jb20uYnJcL3dwLWNvbnRlbnRcL3VwbG9hZHNcLzIwMjRcLzAyXC9DaW5hbW9tby1DYXN0YW5oby5qcGVnIiwic2xpZGVzaG93IjoiMjNmMjdkNCJ9\" href='https:\/\/www.lazzinterni.com.br\/wp-content\/uploads\/2024\/02\/Cinamomo-Castanho.jpeg'><img decoding=\"async\" width=\"150\" height=\"150\" src=\"https:\/\/www.lazzinterni.com.br\/wp-content\/uploads\/2024\/02\/Cinamomo-Castanho-150x150.jpeg\" class=\"attachment-thumbnail size-thumbnail\" alt=\"\" aria-describedby=\"gallery-1-9835\" srcset=\"https:\/\/www.lazzinterni.com.br\/wp-content\/uploads\/2024\/02\/Cinamomo-Castanho-150x150.jpeg 150w, https:\/\/www.lazzinterni.com.br\/wp-content\/uploads\/2024\/02\/Cinamomo-Castanho-300x300.jpeg 300w, https:\/\/www.lazzinterni.com.br\/wp-content\/uploads\/2024\/02\/Cinamomo-Castanho-12x12.jpeg 12w, https:\/\/www.lazzinterni.com.br\/wp-content\/uploads\/2024\/02\/Cinamomo-Castanho-600x600.jpeg 600w, https:\/\/www.lazzinterni.com.br\/wp-content\/uploads\/2024\/02\/Cinamomo-Castanho.jpeg 640w\" sizes=\"(max-width: 150px) 100vw, 150px\" \/><\/a>\n\t\t\t<\/div>\n\t\t\t\t<figcaption class='wp-caption-text gallery-caption' id='gallery-1-9835'>\n\t\t\t\tMarr\u00f3n\n\t\t\t\t<\/figcaption><\/figure><figure class='gallery-item'>\n\t\t\t<div class='gallery-icon landscape'>\n\t\t\t\t<a data-elementor-open-lightbox=\"yes\" data-elementor-lightbox-slideshow=\"23f27d4\" data-e-action-hash=\"#elementor-action%3Aaction%3Dlightbox%26settings%3DeyJpZCI6OTgzNywidXJsIjoiaHR0cHM6XC9cL3d3dy5sYXp6aW50ZXJuaS5jb20uYnJcL3dwLWNvbnRlbnRcL3VwbG9hZHNcLzIwMjRcLzAyXC9DaW5hbW9tby1Nb2thLmpwZWciLCJzbGlkZXNob3ciOiIyM2YyN2Q0In0%3D\" href='https:\/\/www.lazzinterni.com.br\/wp-content\/uploads\/2024\/02\/Cinamomo-Moka.jpeg'><img loading=\"lazy\" decoding=\"async\" width=\"150\" height=\"150\" src=\"https:\/\/www.lazzinterni.com.br\/wp-content\/uploads\/2024\/02\/Cinamomo-Moka-150x150.jpeg\" class=\"attachment-thumbnail size-thumbnail\" alt=\"\" aria-describedby=\"gallery-1-9837\" srcset=\"https:\/\/www.lazzinterni.com.br\/wp-content\/uploads\/2024\/02\/Cinamomo-Moka-150x150.jpeg 150w, https:\/\/www.lazzinterni.com.br\/wp-content\/uploads\/2024\/02\/Cinamomo-Moka-300x300.jpeg 300w, https:\/\/www.lazzinterni.com.br\/wp-content\/uploads\/2024\/02\/Cinamomo-Moka-12x12.jpeg 12w, https:\/\/www.lazzinterni.com.br\/wp-content\/uploads\/2024\/02\/Cinamomo-Moka-600x600.jpeg 600w, https:\/\/www.lazzinterni.com.br\/wp-content\/uploads\/2024\/02\/Cinamomo-Moka.jpeg 640w\" sizes=\"(max-width: 150px) 100vw, 150px\" \/><\/a>\n\t\t\t<\/div>\n\t\t\t\t<figcaption class='wp-caption-text gallery-caption' id='gallery-1-9837'>\n\t\t\t\tMocca\n\t\t\t\t<\/figcaption><\/figure><figure class='gallery-item'>\n\t\t\t<div class='gallery-icon landscape'>\n\t\t\t\t<a data-elementor-open-lightbox=\"yes\" data-elementor-lightbox-slideshow=\"23f27d4\" data-e-action-hash=\"#elementor-action%3Aaction%3Dlightbox%26settings%3DeyJpZCI6OTgzNiwidXJsIjoiaHR0cHM6XC9cL3d3dy5sYXp6aW50ZXJuaS5jb20uYnJcL3dwLWNvbnRlbnRcL3VwbG9hZHNcLzIwMjRcLzAyXC9DaW5hbW9tby1FYmFuaXphZG8uanBlZyIsInNsaWRlc2hvdyI6IjIzZjI3ZDQifQ%3D%3D\" href='https:\/\/www.lazzinterni.com.br\/wp-content\/uploads\/2024\/02\/Cinamomo-Ebanizado.jpeg'><img loading=\"lazy\" decoding=\"async\" width=\"150\" height=\"150\" src=\"https:\/\/www.lazzinterni.com.br\/wp-content\/uploads\/2024\/02\/Cinamomo-Ebanizado-150x150.jpeg\" class=\"attachment-thumbnail size-thumbnail\" alt=\"\" aria-describedby=\"gallery-1-9836\" srcset=\"https:\/\/www.lazzinterni.com.br\/wp-content\/uploads\/2024\/02\/Cinamomo-Ebanizado-150x150.jpeg 150w, https:\/\/www.lazzinterni.com.br\/wp-content\/uploads\/2024\/02\/Cinamomo-Ebanizado-300x300.jpeg 300w, https:\/\/www.lazzinterni.com.br\/wp-content\/uploads\/2024\/02\/Cinamomo-Ebanizado-12x12.jpeg 12w, https:\/\/www.lazzinterni.com.br\/wp-content\/uploads\/2024\/02\/Cinamomo-Ebanizado-600x600.jpeg 600w, https:\/\/www.lazzinterni.com.br\/wp-content\/uploads\/2024\/02\/Cinamomo-Ebanizado.jpeg 640w\" sizes=\"(max-width: 150px) 100vw, 150px\" \/><\/a>\n\t\t\t<\/div>\n\t\t\t\t<figcaption class='wp-caption-text gallery-caption' id='gallery-1-9836'>\n\t\t\t\tEbanizado\n\t\t\t\t<\/figcaption><\/figure><figure class='gallery-item'>\n\t\t\t<div class='gallery-icon landscape'>\n\t\t\t\t<a data-elementor-open-lightbox=\"yes\" data-elementor-lightbox-slideshow=\"23f27d4\" data-e-action-hash=\"#elementor-action%3Aaction%3Dlightbox%26settings%3DeyJpZCI6OTgzOCwidXJsIjoiaHR0cHM6XC9cL3d3dy5sYXp6aW50ZXJuaS5jb20uYnJcL3dwLWNvbnRlbnRcL3VwbG9hZHNcLzIwMjRcLzAyXC9DaW5hbW9tby1QYXBpcm8uanBlZyIsInNsaWRlc2hvdyI6IjIzZjI3ZDQifQ%3D%3D\" href='https:\/\/www.lazzinterni.com.br\/wp-content\/uploads\/2024\/02\/Cinamomo-Papiro.jpeg'><img loading=\"lazy\" decoding=\"async\" width=\"150\" height=\"150\" src=\"https:\/\/www.lazzinterni.com.br\/wp-content\/uploads\/2024\/02\/Cinamomo-Papiro-150x150.jpeg\" class=\"attachment-thumbnail size-thumbnail\" alt=\"\" aria-describedby=\"gallery-1-9838\" srcset=\"https:\/\/www.lazzinterni.com.br\/wp-content\/uploads\/2024\/02\/Cinamomo-Papiro-150x150.jpeg 150w, https:\/\/www.lazzinterni.com.br\/wp-content\/uploads\/2024\/02\/Cinamomo-Papiro-13x12.jpeg 13w, https:\/\/www.lazzinterni.com.br\/wp-content\/uploads\/2024\/02\/Cinamomo-Papiro-600x600.jpeg 600w\" sizes=\"(max-width: 150px) 100vw, 150px\" \/><\/a>\n\t\t\t<\/div>\n\t\t\t\t<figcaption class='wp-caption-text gallery-caption' id='gallery-1-9838'>\n\t\t\t\tPapiro\n\t\t\t\t<\/figcaption><\/figure><figure class='gallery-item'>\n\t\t\t<div class='gallery-icon landscape'>\n\t\t\t\t<a data-elementor-open-lightbox=\"yes\" data-elementor-lightbox-slideshow=\"23f27d4\" data-e-action-hash=\"#elementor-action%3Aaction%3Dlightbox%26settings%3DeyJpZCI6MTQxOTgsInVybCI6Imh0dHBzOlwvXC93d3cubGF6emludGVybmkuY29tLmJyXC93cC1jb250ZW50XC91cGxvYWRzXC8yMDI1XC8wOVwvV2hhdHNBcHAtSW1hZ2UtMjAyNS0wMi0xMy1hdC0wNy41My40OS5qcGVnIiwic2xpZGVzaG93IjoiMjNmMjdkNCJ9\" href='https:\/\/www.lazzinterni.com.br\/wp-content\/uploads\/2025\/09\/WhatsApp-Image-2025-02-13-at-07.53.49.jpeg'><img loading=\"lazy\" decoding=\"async\" width=\"150\" height=\"150\" src=\"https:\/\/www.lazzinterni.com.br\/wp-content\/uploads\/2025\/09\/WhatsApp-Image-2025-02-13-at-07.53.49-150x150.jpeg\" class=\"attachment-thumbnail size-thumbnail\" alt=\"\" aria-describedby=\"gallery-1-14198\" srcset=\"https:\/\/www.lazzinterni.com.br\/wp-content\/uploads\/2025\/09\/WhatsApp-Image-2025-02-13-at-07.53.49-150x150.jpeg 150w, https:\/\/www.lazzinterni.com.br\/wp-content\/uploads\/2025\/09\/WhatsApp-Image-2025-02-13-at-07.53.49-12x12.jpeg 12w, https:\/\/www.lazzinterni.com.br\/wp-content\/uploads\/2025\/09\/WhatsApp-Image-2025-02-13-at-07.53.49-600x600.jpeg 600w\" sizes=\"(max-width: 150px) 100vw, 150px\" \/><\/a>\n\t\t\t<\/div>\n\t\t\t\t<figcaption class='wp-caption-text gallery-caption' id='gallery-1-14198'>\n\t\t\t\tAlpi\n\t\t\t\t<\/figcaption><\/figure>\n\t\t<\/div>\n\t\t<\/div>\n\t\t\t\t\t\t<\/div>\n\t\t\t\t<\/div>\n\t\t\t\t<div class=\"elementor-element elementor-element-20231fa elementor-widget elementor-widget-spacer\" data-id=\"20231fa\" data-element_type=\"widget\" data-e-type=\"widget\" data-widget_type=\"spacer.default\">\n\t\t\t\t<div class=\"elementor-widget-container\">\n\t\t\t\t\t\t\t<div class=\"elementor-spacer\">\n\t\t\t<div class=\"elementor-spacer-inner\"><\/div>\n\t\t<\/div>\n\t\t\t\t\t\t<\/div>\n\t\t\t\t<\/div>\n\t\t\t\t<div class=\"elementor-element elementor-element-efcd6a4 elementor-widget elementor-widget-spacer\" data-id=\"efcd6a4\" data-element_type=\"widget\" data-e-type=\"widget\" data-widget_type=\"spacer.default\">\n\t\t\t\t<div class=\"elementor-widget-container\">\n\t\t\t\t\t\t\t<div class=\"elementor-spacer\">\n\t\t\t<div class=\"elementor-spacer-inner\"><\/div>\n\t\t<\/div>\n\t\t\t\t\t\t<\/div>\n\t\t\t\t<\/div>\n\t\t\t\t\t<\/div>\n\t\t<\/div>\n\t\t\t\t\t<\/div>\n\t\t<\/section>\n\t\t\t\t<\/div>","protected":false},"excerpt":{"rendered":"<p>Wave A mesa de centro Wave foi inspirada nas ondas do mar, transmitindo leveza e tranquilidade aos ambientes onde \u00e9 colocada. Seu design apresenta um interior vazado, refor\u00e7ando o sentimento de harmonia e destacando as curvas de diferentes tamanhos que remetem ao movimento das ondas. Designer: Lazz Interni Studio Detalhes Tampo em l\u00e2mina carvalho claro. [&hellip;]<\/p>\n","protected":false},"author":1,"featured_media":0,"parent":471,"menu_order":0,"comment_status":"closed","ping_status":"closed","template":"","meta":{"ocean_post_layout":"full-screen","ocean_both_sidebars_style":"","ocean_both_sidebars_content_width":0,"ocean_both_sidebars_sidebars_width":0,"ocean_sidebar":"0","ocean_second_sidebar":"0","ocean_disable_margins":"on","ocean_add_body_class":"","ocean_shortcode_before_top_bar":"","ocean_shortcode_after_top_bar":"","ocean_shortcode_before_header":"","ocean_shortcode_after_header":"","ocean_has_shortcode":"","ocean_shortcode_after_title":"","ocean_shortcode_before_footer_widgets":"","ocean_shortcode_after_footer_widgets":"","ocean_shortcode_before_footer_bottom":"","ocean_shortcode_after_footer_bottom":"","ocean_display_top_bar":"default","ocean_display_header":"default","ocean_header_style":"","ocean_center_header_left_menu":"0","ocean_custom_header_template":"0","ocean_custom_logo":0,"ocean_custom_retina_logo":0,"ocean_custom_logo_max_width":0,"ocean_custom_logo_tablet_max_width":0,"ocean_custom_logo_mobile_max_width":0,"ocean_custom_logo_max_height":0,"ocean_custom_logo_tablet_max_height":0,"ocean_custom_logo_mobile_max_height":0,"ocean_header_custom_menu":"0","ocean_menu_typo_font_family":"0","ocean_menu_typo_font_subset":"","ocean_menu_typo_font_size":0,"ocean_menu_typo_font_size_tablet":0,"ocean_menu_typo_font_size_mobile":0,"ocean_menu_typo_font_size_unit":"px","ocean_menu_typo_font_weight":"","ocean_menu_typo_font_weight_tablet":"","ocean_menu_typo_font_weight_mobile":"","ocean_menu_typo_transform":"","ocean_menu_typo_transform_tablet":"","ocean_menu_typo_transform_mobile":"","ocean_menu_typo_line_height":0,"ocean_menu_typo_line_height_tablet":0,"ocean_menu_typo_line_height_mobile":0,"ocean_menu_typo_line_height_unit":"","ocean_menu_typo_spacing":0,"ocean_menu_typo_spacing_tablet":0,"ocean_menu_typo_spacing_mobile":0,"ocean_menu_typo_spacing_unit":"","ocean_menu_link_color":"","ocean_menu_link_color_hover":"","ocean_menu_link_color_active":"","ocean_menu_link_background":"","ocean_menu_link_hover_background":"","ocean_menu_link_active_background":"","ocean_menu_social_links_bg":"","ocean_menu_social_hover_links_bg":"","ocean_menu_social_links_color":"","ocean_menu_social_hover_links_color":"","ocean_disable_title":"on","ocean_disable_heading":"default","ocean_post_title":"","ocean_post_subheading":"","ocean_post_title_style":"","ocean_post_title_background_color":"","ocean_post_title_background":0,"ocean_post_title_bg_image_position":"","ocean_post_title_bg_image_attachment":"","ocean_post_title_bg_image_repeat":"","ocean_post_title_bg_image_size":"","ocean_post_title_height":0,"ocean_post_title_bg_overlay":0.5,"ocean_post_title_bg_overlay_color":"","ocean_disable_breadcrumbs":"default","ocean_breadcrumbs_color":"","ocean_breadcrumbs_separator_color":"","ocean_breadcrumbs_links_color":"","ocean_breadcrumbs_links_hover_color":"","ocean_display_footer_widgets":"default","ocean_display_footer_bottom":"default","ocean_custom_footer_template":"0","footnotes":""},"class_list":["post-970","page","type-page","status-publish","hentry","entry"],"_links":{"self":[{"href":"https:\/\/www.lazzinterni.com.br\/es\/wp-json\/wp\/v2\/pages\/970","targetHints":{"allow":["GET"]}}],"collection":[{"href":"https:\/\/www.lazzinterni.com.br\/es\/wp-json\/wp\/v2\/pages"}],"about":[{"href":"https:\/\/www.lazzinterni.com.br\/es\/wp-json\/wp\/v2\/types\/page"}],"author":[{"embeddable":true,"href":"https:\/\/www.lazzinterni.com.br\/es\/wp-json\/wp\/v2\/users\/1"}],"replies":[{"embeddable":true,"href":"https:\/\/www.lazzinterni.com.br\/es\/wp-json\/wp\/v2\/comments?post=970"}],"version-history":[{"count":0,"href":"https:\/\/www.lazzinterni.com.br\/es\/wp-json\/wp\/v2\/pages\/970\/revisions"}],"up":[{"embeddable":true,"href":"https:\/\/www.lazzinterni.com.br\/es\/wp-json\/wp\/v2\/pages\/471"}],"wp:attachment":[{"href":"https:\/\/www.lazzinterni.com.br\/es\/wp-json\/wp\/v2\/media?parent=970"}],"curies":[{"name":"wp","href":"https:\/\/api.w.org\/{rel}","templated":true}]}}