{"id":8361,"date":"2023-08-22T12:06:23","date_gmt":"2023-08-22T15:06:23","guid":{"rendered":"https:\/\/www.lazzinterni.com.br\/?page_id=8361"},"modified":"2026-02-12T16:48:03","modified_gmt":"2026-02-12T19:48:03","slug":"onde-encontrar","status":"publish","type":"page","link":"https:\/\/www.lazzinterni.com.br\/es\/onde-encontrar\/","title":{"rendered":"Donde Encontrar"},"content":{"rendered":"\t\t<div data-elementor-type=\"wp-page\" data-elementor-id=\"8361\" class=\"elementor elementor-8361\">\n\t\t\t\t\t\t<section class=\"elementor-section elementor-top-section elementor-element elementor-element-b219540 elementor-section-boxed elementor-section-height-default elementor-section-height-default\" data-id=\"b219540\" data-element_type=\"section\" data-e-type=\"section\" data-settings=\"{&quot;background_background&quot;:&quot;classic&quot;}\">\n\t\t\t\t\t\t<div class=\"elementor-container elementor-column-gap-default\">\n\t\t\t\t\t<div class=\"elementor-column elementor-col-100 elementor-top-column elementor-element elementor-element-b6022c1\" data-id=\"b6022c1\" data-element_type=\"column\" data-e-type=\"column\">\n\t\t\t<div class=\"elementor-widget-wrap elementor-element-populated\">\n\t\t\t\t\t\t<div class=\"elementor-element elementor-element-e329b5c elementor-widget elementor-widget-spacer\" data-id=\"e329b5c\" data-element_type=\"widget\" data-e-type=\"widget\" data-widget_type=\"spacer.default\">\n\t\t\t\t<div class=\"elementor-widget-container\">\n\t\t\t\t\t\t\t<div class=\"elementor-spacer\">\n\t\t\t<div class=\"elementor-spacer-inner\"><\/div>\n\t\t<\/div>\n\t\t\t\t\t\t<\/div>\n\t\t\t\t<\/div>\n\t\t\t\t\t<\/div>\n\t\t<\/div>\n\t\t\t\t\t<\/div>\n\t\t<\/section>\n\t\t\t\t<section class=\"elementor-section elementor-top-section elementor-element elementor-element-2e80f9f elementor-section-boxed elementor-section-height-default elementor-section-height-default\" data-id=\"2e80f9f\" data-element_type=\"section\" data-e-type=\"section\">\n\t\t\t\t\t\t<div class=\"elementor-container elementor-column-gap-default\">\n\t\t\t\t\t<div class=\"elementor-column elementor-col-100 elementor-top-column elementor-element elementor-element-bd39e74\" data-id=\"bd39e74\" data-element_type=\"column\" data-e-type=\"column\">\n\t\t\t<div class=\"elementor-widget-wrap elementor-element-populated\">\n\t\t\t\t\t\t<div class=\"elementor-element elementor-element-97284c0 elementor-widget elementor-widget-heading\" data-id=\"97284c0\" data-element_type=\"widget\" data-e-type=\"widget\" data-widget_type=\"heading.default\">\n\t\t\t\t<div class=\"elementor-widget-container\">\n\t\t\t\t\t<h3 class=\"elementor-heading-title elementor-size-default\">Onde Encontrar<\/h3>\t\t\t\t<\/div>\n\t\t\t\t<\/div>\n\t\t\t\t\t<\/div>\n\t\t<\/div>\n\t\t\t\t\t<\/div>\n\t\t<\/section>\n\t\t\t\t<section class=\"elementor-section elementor-top-section elementor-element elementor-element-a4b97cf elementor-section-boxed elementor-section-height-default elementor-section-height-default\" data-id=\"a4b97cf\" data-element_type=\"section\" data-e-type=\"section\">\n\t\t\t\t\t\t<div class=\"elementor-container elementor-column-gap-default\">\n\t\t\t\t\t<div class=\"elementor-column elementor-col-100 elementor-top-column elementor-element elementor-element-35b1b38\" data-id=\"35b1b38\" data-element_type=\"column\" data-e-type=\"column\">\n\t\t\t<div class=\"elementor-widget-wrap elementor-element-populated\">\n\t\t\t\t\t\t<div class=\"elementor-element elementor-element-f57ca5c elementor-widget elementor-widget-text-editor\" data-id=\"f57ca5c\" data-element_type=\"widget\" data-e-type=\"widget\" data-widget_type=\"text-editor.default\">\n\t\t\t\t<div class=\"elementor-widget-container\">\n\t\t\t\t\t\t\t\t\tQuer saber como encontrar nossos produtos na sua regi\u00e3o?\t\t\t\t\t\t\t\t<\/div>\n\t\t\t\t<\/div>\n\t\t\t\t<div class=\"elementor-element elementor-element-4de9a20 elementor-widget elementor-widget-text-editor\" data-id=\"4de9a20\" data-element_type=\"widget\" data-e-type=\"widget\" data-widget_type=\"text-editor.default\">\n\t\t\t\t<div class=\"elementor-widget-container\">\n\t\t\t\t\t\t\t\t\tSelecione seu estado no mapa e localize o representante mais pr\u00f3ximo de voc\u00ea. \t\t\t\t\t\t\t\t<\/div>\n\t\t\t\t<\/div>\n\t\t\t\t<div class=\"elementor-element elementor-element-380bb10 elementor-widget__width-auto elementor-absolute elementor-widget elementor-widget-image\" data-id=\"380bb10\" data-element_type=\"widget\" data-e-type=\"widget\" data-settings=\"{&quot;_position&quot;:&quot;absolute&quot;}\" data-widget_type=\"image.default\">\n\t\t\t\t<div class=\"elementor-widget-container\">\n\t\t\t\t\t\t\t\t\t\t\t\t\t\t\t<img decoding=\"async\" width=\"213\" height=\"48\" src=\"https:\/\/www.lazzinterni.com.br\/wp-content\/uploads\/2023\/08\/branco.png\" class=\"attachment-full size-full wp-image-8414\" alt=\"\" srcset=\"https:\/\/www.lazzinterni.com.br\/wp-content\/uploads\/2023\/08\/branco.png 213w, https:\/\/www.lazzinterni.com.br\/wp-content\/uploads\/2023\/08\/branco-18x4.png 18w\" sizes=\"(max-width: 213px) 100vw, 213px\" \/>\t\t\t\t\t\t\t\t\t\t\t\t\t\t\t<\/div>\n\t\t\t\t<\/div>\n\t\t\t\t\t<\/div>\n\t\t<\/div>\n\t\t\t\t\t<\/div>\n\t\t<\/section>\n\t\t\t\t<section class=\"elementor-section elementor-top-section elementor-element elementor-element-3663ea6 elementor-section-boxed elementor-section-height-default elementor-section-height-default\" data-id=\"3663ea6\" data-element_type=\"section\" data-e-type=\"section\">\n\t\t\t\t\t\t<div class=\"elementor-container elementor-column-gap-default\">\n\t\t\t\t\t<div class=\"elementor-column elementor-col-100 elementor-top-column elementor-element elementor-element-8c320a6\" data-id=\"8c320a6\" data-element_type=\"column\" data-e-type=\"column\">\n\t\t\t<div class=\"elementor-widget-wrap elementor-element-populated\">\n\t\t\t\t\t\t<div class=\"elementor-element elementor-element-c8d74b1 elementor-widget elementor-widget-shortcode\" data-id=\"c8d74b1\" data-element_type=\"widget\" data-e-type=\"widget\" data-widget_type=\"shortcode.default\">\n\t\t\t\t<div class=\"elementor-widget-container\">\n\t\t\t\t\t\t\t<div class=\"elementor-shortcode\"> <!-- start Fla-shop.com HTML5 Map --> <div class='freeHtmlMapright htmlMapResponsive' style='max-width:880px; width: 100%'> <div id='map-container-0' class='freeHtmlMapContainer' data-map-variable='map0'><\/div> <link href='https:\/\/www.lazzinterni.com.br\/wp-content\/plugins\/html5-maps\/static\/css\/map.css' rel='stylesheet'> <style> body .fm-tooltip { color: #000000; font-size: 20px; } <\/style> <script src='\/\/cdn.html5maps.com\/3d_party\/raphael.min.js'><\/script> <script src='https:\/\/www.lazzinterni.com.br\/index.php?freemap_js_data=true&map_id=0&r=46836'><\/script> <script src='\/\/cdn.html5maps.com\/libs\/locator\/2.4.0\/brazil\/map.js'><\/script> <script> var map0 = new FlaMap(map_cfg); map0.drawOnDomReady('map-container-0'); map0.on('click', function(ev, sid, map) { jQuery('#freeHtmlMapStateInfo0').html(''); var link = map.mapConfig.map_data[sid]['link']; if (link == '#info') { var id = map.mapConfig.map_data[sid]['id']; jQuery('#freeHtmlMapStateInfo0').html('Cargando\u2026'); jQuery.ajax({ type: 'POST', url: 'https:\/\/www.lazzinterni.com.br\/index.php?freemap_get_state_info='+id+'&map_id=0', success: function(data, textStatus, jqXHR){ jQuery('#freeHtmlMapStateInfo0').html(data); }, dataType: 'text' }); } }); <\/script> <div id='freeHtmlMapStateInfo0' class='freeHtmlMapStateInfo'><\/div> <\/div> <div style='clear: both'><\/div> <!-- end HTML5 Map --> <\/div>\n\t\t\t\t\t\t<\/div>\n\t\t\t\t<\/div>\n\t\t\t\t<div class=\"elementor-element elementor-element-dd48802 elementor-widget elementor-widget-text-editor\" data-id=\"dd48802\" data-element_type=\"widget\" data-e-type=\"widget\" data-widget_type=\"text-editor.default\">\n\t\t\t\t<div class=\"elementor-widget-container\">\n\t\t\t\t\t\t\t\t\t<p>Para mais informa\u00e7\u00f5es sobre como comprar no exterior entre em contato conosco atrav\u00e9s do e-mail <a href=\"mailto:exportacao@lazzinterni.com.br\">exportacao@lazzinterni.com.br<\/a>\u00a0<\/p>\t\t\t\t\t\t\t\t<\/div>\n\t\t\t\t<\/div>\n\t\t\t\t\t<\/div>\n\t\t<\/div>\n\t\t\t\t\t<\/div>\n\t\t<\/section>\n\t\t\t\t<section class=\"elementor-section elementor-top-section elementor-element elementor-element-1f2f6bc elementor-section-boxed elementor-section-height-default elementor-section-height-default\" data-id=\"1f2f6bc\" data-element_type=\"section\" data-e-type=\"section\">\n\t\t\t\t\t\t<div class=\"elementor-container elementor-column-gap-default\">\n\t\t\t\t\t<div class=\"elementor-column elementor-col-100 elementor-top-column elementor-element elementor-element-09b5cbd\" data-id=\"09b5cbd\" data-element_type=\"column\" data-e-type=\"column\">\n\t\t\t<div class=\"elementor-widget-wrap elementor-element-populated\">\n\t\t\t\t\t\t<div class=\"elementor-element elementor-element-4b1c199 elementor-align-center elementor-widget elementor-widget-button\" data-id=\"4b1c199\" data-element_type=\"widget\" data-e-type=\"widget\" data-widget_type=\"button.default\">\n\t\t\t\t<div class=\"elementor-widget-container\">\n\t\t\t\t\t\t\t\t\t<div class=\"elementor-button-wrapper\">\n\t\t\t\t\t<a class=\"elementor-button elementor-button-link elementor-size-sm\" href=\"https:\/\/wa.me\/5554991028242\">\n\t\t\t\t\t\t<span class=\"elementor-button-content-wrapper\">\n\t\t\t\t\t\t<span class=\"elementor-button-icon\">\n\t\t\t\t<i aria-hidden=\"true\" class=\"fab fa-whatsapp\"><\/i>\t\t\t<\/span>\n\t\t\t\t\t\t\t\t\t<span class=\"elementor-button-text\">Fale conosco<\/span>\n\t\t\t\t\t<\/span>\n\t\t\t\t\t<\/a>\n\t\t\t\t<\/div>\n\t\t\t\t\t\t\t\t<\/div>\n\t\t\t\t<\/div>\n\t\t\t\t\t<\/div>\n\t\t<\/div>\n\t\t\t\t\t<\/div>\n\t\t<\/section>\n\t\t\t\t<\/div>\n\t\t","protected":false},"excerpt":{"rendered":"<p>Onde Encontrar Quer saber como encontrar nossos produtos na sua regi\u00e3o?Selecione seu estado no mapa e localize o representante mais pr\u00f3ximo de voc\u00ea. Para mais informa\u00e7\u00f5es sobre como comprar no exterior entre em contato conosco atrav\u00e9s do e-mail exportacao@lazzinterni.com.br\u00a0 Fale conosco<\/p>","protected":false},"author":1,"featured_media":0,"parent":0,"menu_order":0,"comment_status":"closed","ping_status":"closed","template":"","meta":{"ocean_post_layout":"full-screen","ocean_both_sidebars_style":"","ocean_both_sidebars_content_width":0,"ocean_both_sidebars_sidebars_width":0,"ocean_sidebar":"0","ocean_second_sidebar":"0","ocean_disable_margins":"on","ocean_add_body_class":"","ocean_shortcode_before_top_bar":"","ocean_shortcode_after_top_bar":"","ocean_shortcode_before_header":"","ocean_shortcode_after_header":"","ocean_has_shortcode":"","ocean_shortcode_after_title":"","ocean_shortcode_before_footer_widgets":"","ocean_shortcode_after_footer_widgets":"","ocean_shortcode_before_footer_bottom":"","ocean_shortcode_after_footer_bottom":"","ocean_display_top_bar":"default","ocean_display_header":"default","ocean_header_style":"","ocean_center_header_left_menu":"0","ocean_custom_header_template":"0","ocean_custom_logo":0,"ocean_custom_retina_logo":0,"ocean_custom_logo_max_width":0,"ocean_custom_logo_tablet_max_width":0,"ocean_custom_logo_mobile_max_width":0,"ocean_custom_logo_max_height":0,"ocean_custom_logo_tablet_max_height":0,"ocean_custom_logo_mobile_max_height":0,"ocean_header_custom_menu":"0","ocean_menu_typo_font_family":"0","ocean_menu_typo_font_subset":"","ocean_menu_typo_font_size":0,"ocean_menu_typo_font_size_tablet":0,"ocean_menu_typo_font_size_mobile":0,"ocean_menu_typo_font_size_unit":"px","ocean_menu_typo_font_weight":"","ocean_menu_typo_font_weight_tablet":"","ocean_menu_typo_font_weight_mobile":"","ocean_menu_typo_transform":"","ocean_menu_typo_transform_tablet":"","ocean_menu_typo_transform_mobile":"","ocean_menu_typo_line_height":0,"ocean_menu_typo_line_height_tablet":0,"ocean_menu_typo_line_height_mobile":0,"ocean_menu_typo_line_height_unit":"","ocean_menu_typo_spacing":0,"ocean_menu_typo_spacing_tablet":0,"ocean_menu_typo_spacing_mobile":0,"ocean_menu_typo_spacing_unit":"","ocean_menu_link_color":"","ocean_menu_link_color_hover":"","ocean_menu_link_color_active":"","ocean_menu_link_background":"","ocean_menu_link_hover_background":"","ocean_menu_link_active_background":"","ocean_menu_social_links_bg":"","ocean_menu_social_hover_links_bg":"","ocean_menu_social_links_color":"","ocean_menu_social_hover_links_color":"","ocean_disable_title":"on","ocean_disable_heading":"default","ocean_post_title":"","ocean_post_subheading":"","ocean_post_title_style":"","ocean_post_title_background_color":"","ocean_post_title_background":0,"ocean_post_title_bg_image_position":"","ocean_post_title_bg_image_attachment":"","ocean_post_title_bg_image_repeat":"","ocean_post_title_bg_image_size":"","ocean_post_title_height":0,"ocean_post_title_bg_overlay":0.5,"ocean_post_title_bg_overlay_color":"","ocean_disable_breadcrumbs":"default","ocean_breadcrumbs_color":"","ocean_breadcrumbs_separator_color":"","ocean_breadcrumbs_links_color":"","ocean_breadcrumbs_links_hover_color":"","ocean_display_footer_widgets":"default","ocean_display_footer_bottom":"default","ocean_custom_footer_template":"0","footnotes":""},"class_list":["post-8361","page","type-page","status-publish","hentry","entry"],"_links":{"self":[{"href":"https:\/\/www.lazzinterni.com.br\/es\/wp-json\/wp\/v2\/pages\/8361","targetHints":{"allow":["GET"]}}],"collection":[{"href":"https:\/\/www.lazzinterni.com.br\/es\/wp-json\/wp\/v2\/pages"}],"about":[{"href":"https:\/\/www.lazzinterni.com.br\/es\/wp-json\/wp\/v2\/types\/page"}],"author":[{"embeddable":true,"href":"https:\/\/www.lazzinterni.com.br\/es\/wp-json\/wp\/v2\/users\/1"}],"replies":[{"embeddable":true,"href":"https:\/\/www.lazzinterni.com.br\/es\/wp-json\/wp\/v2\/comments?post=8361"}],"version-history":[{"count":0,"href":"https:\/\/www.lazzinterni.com.br\/es\/wp-json\/wp\/v2\/pages\/8361\/revisions"}],"wp:attachment":[{"href":"https:\/\/www.lazzinterni.com.br\/es\/wp-json\/wp\/v2\/media?parent=8361"}],"curies":[{"name":"wp","href":"https:\/\/api.w.org\/{rel}","templated":true}]}}