{"id":18622,"date":"2025-12-18T08:19:22","date_gmt":"2025-12-18T11:19:22","guid":{"rendered":"https:\/\/www.lazzinterni.com.br\/?page_id=18622"},"modified":"2025-12-18T08:24:47","modified_gmt":"2025-12-18T11:24:47","slug":"andreazanocchi","status":"publish","type":"page","link":"https:\/\/www.lazzinterni.com.br\/es\/designers\/andreazanocchi\/","title":{"rendered":"Andrea Zanocchi"},"content":{"rendered":"<div data-elementor-type=\"wp-page\" data-elementor-id=\"18622\" class=\"elementor elementor-18622\">\n\t\t\t\t\t\t<section class=\"elementor-section elementor-top-section elementor-element elementor-element-0a29b71 elementor-section-boxed elementor-section-height-default elementor-section-height-default\" data-id=\"0a29b71\" data-element_type=\"section\" data-e-type=\"section\" data-settings=\"{&quot;background_background&quot;:&quot;classic&quot;}\">\n\t\t\t\t\t\t<div class=\"elementor-container elementor-column-gap-default\">\n\t\t\t\t\t<div class=\"elementor-column elementor-col-100 elementor-top-column elementor-element elementor-element-a9d3235\" data-id=\"a9d3235\" data-element_type=\"column\" data-e-type=\"column\">\n\t\t\t<div class=\"elementor-widget-wrap\">\n\t\t\t\t\t\t\t<\/div>\n\t\t<\/div>\n\t\t\t\t\t<\/div>\n\t\t<\/section>\n\t\t\t\t<section class=\"elementor-section elementor-top-section elementor-element elementor-element-1fc1316 elementor-section-boxed elementor-section-height-default elementor-section-height-default\" data-id=\"1fc1316\" data-element_type=\"section\" data-e-type=\"section\" data-settings=\"{&quot;background_background&quot;:&quot;classic&quot;}\">\n\t\t\t\t\t\t<div class=\"elementor-container elementor-column-gap-default\">\n\t\t\t\t\t<div class=\"elementor-column elementor-col-33 elementor-top-column elementor-element elementor-element-7032de0\" data-id=\"7032de0\" data-element_type=\"column\" data-e-type=\"column\">\n\t\t\t<div class=\"elementor-widget-wrap elementor-element-populated\">\n\t\t\t\t\t\t<div class=\"elementor-element elementor-element-81fc7b0 elementor-widget elementor-widget-image\" data-id=\"81fc7b0\" data-element_type=\"widget\" data-e-type=\"widget\" data-widget_type=\"image.default\">\n\t\t\t\t<div class=\"elementor-widget-container\">\n\t\t\t\t\t\t\t\t\t\t\t\t\t\t\t<img fetchpriority=\"high\" decoding=\"async\" width=\"1000\" height=\"1000\" src=\"https:\/\/www.lazzinterni.com.br\/wp-content\/uploads\/2025\/12\/andrea-zanocchi.png\" class=\"attachment-large size-large wp-image-18582\" alt=\"\" srcset=\"https:\/\/www.lazzinterni.com.br\/wp-content\/uploads\/2025\/12\/andrea-zanocchi.png 1000w, https:\/\/www.lazzinterni.com.br\/wp-content\/uploads\/2025\/12\/andrea-zanocchi-300x300.png 300w, https:\/\/www.lazzinterni.com.br\/wp-content\/uploads\/2025\/12\/andrea-zanocchi-150x150.png 150w, https:\/\/www.lazzinterni.com.br\/wp-content\/uploads\/2025\/12\/andrea-zanocchi-768x768.png 768w, https:\/\/www.lazzinterni.com.br\/wp-content\/uploads\/2025\/12\/andrea-zanocchi-12x12.png 12w, https:\/\/www.lazzinterni.com.br\/wp-content\/uploads\/2025\/12\/andrea-zanocchi-600x600.png 600w\" sizes=\"(max-width: 1000px) 100vw, 1000px\" \/>\t\t\t\t\t\t\t\t\t\t\t\t\t\t\t<\/div>\n\t\t\t\t<\/div>\n\t\t\t\t\t<\/div>\n\t\t<\/div>\n\t\t\t\t<div class=\"elementor-column elementor-col-66 elementor-top-column elementor-element elementor-element-0615943\" data-id=\"0615943\" data-element_type=\"column\" data-e-type=\"column\">\n\t\t\t<div class=\"elementor-widget-wrap elementor-element-populated\">\n\t\t\t\t\t\t<div class=\"elementor-element elementor-element-f1da70f elementor-widget elementor-widget-heading\" data-id=\"f1da70f\" data-element_type=\"widget\" data-e-type=\"widget\" data-widget_type=\"heading.default\">\n\t\t\t\t<div class=\"elementor-widget-container\">\n\t\t\t\t\t<h1 class=\"elementor-heading-title elementor-size-large\">Andrea Zanocchi<\/h1>\t\t\t\t<\/div>\n\t\t\t\t<\/div>\n\t\t\t\t<div class=\"elementor-element elementor-element-c0d1390 elementor-widget elementor-widget-text-editor\" data-id=\"c0d1390\" data-element_type=\"widget\" data-e-type=\"widget\" data-widget_type=\"text-editor.default\">\n\t\t\t\t<div class=\"elementor-widget-container\">\n\t\t\t\t\t\t\t\t\t<div class=\"page\" title=\"Page 2\"><div class=\"section\"><div class=\"layoutArea\"><div class=\"column\"><p data-start=\"0\" data-end=\"339\">Andrea Zanocchi \u00e9 arquiteto e designer italiano, nascido em 1987, em Turim. Formado em Arquitetura pelo Politecnico di Torino, tamb\u00e9m realizou parte de sua forma\u00e7\u00e3o no Brasil, na Universidade Estadual de Campinas (UNICAMP), experi\u00eancia que ampliou sua vis\u00e3o sobre arquitetura, cidade e design em diferentes contextos culturais.<\/p><p data-start=\"341\" data-end=\"799\" data-is-last-node=\"\" data-is-only-node=\"\">Ao longo de sua trajet\u00f3ria, atuou em projetos residenciais na It\u00e1lia e em iniciativas de desenvolvimento urbano no Rio de Janeiro, incluindo projetos relacionados \u00e0 infraestrutura da Copa do Mundo FIFA de 2014. No design, destaca-se por uma abordagem contempor\u00e2nea e precisa, com trabalhos reconhecidos por pr\u00eamios como Brasil Design Awards, Museu da Casa Brasileira e Sal\u00e3o Design, consolidando seu nome no cen\u00e1rio do design autoral.<\/p><\/div><\/div><\/div><\/div>\t\t\t\t\t\t\t\t<\/div>\n\t\t\t\t<\/div>\n\t\t\t\t\t<\/div>\n\t\t<\/div>\n\t\t\t\t\t<\/div>\n\t\t<\/section>\n\t\t\t\t<\/div>","protected":false},"excerpt":{"rendered":"<p>Andrea Zanocchi Andrea Zanocchi \u00e9 arquiteto e designer italiano, nascido em 1987, em Turim. Formado em Arquitetura pelo Politecnico di Torino, tamb\u00e9m realizou parte de sua forma\u00e7\u00e3o no Brasil, na Universidade Estadual de Campinas (UNICAMP), experi\u00eancia que ampliou sua vis\u00e3o sobre arquitetura, cidade e design em diferentes contextos culturais. Ao longo de sua trajet\u00f3ria, atuou [&hellip;]<\/p>\n","protected":false},"author":1,"featured_media":0,"parent":9452,"menu_order":0,"comment_status":"closed","ping_status":"closed","template":"","meta":{"ocean_post_layout":"full-screen","ocean_both_sidebars_style":"","ocean_both_sidebars_content_width":0,"ocean_both_sidebars_sidebars_width":0,"ocean_sidebar":"0","ocean_second_sidebar":"0","ocean_disable_margins":"on","ocean_add_body_class":"","ocean_shortcode_before_top_bar":"","ocean_shortcode_after_top_bar":"","ocean_shortcode_before_header":"","ocean_shortcode_after_header":"","ocean_has_shortcode":"","ocean_shortcode_after_title":"","ocean_shortcode_before_footer_widgets":"","ocean_shortcode_after_footer_widgets":"","ocean_shortcode_before_footer_bottom":"","ocean_shortcode_after_footer_bottom":"","ocean_display_top_bar":"default","ocean_display_header":"default","ocean_header_style":"","ocean_center_header_left_menu":"0","ocean_custom_header_template":"0","ocean_custom_logo":0,"ocean_custom_retina_logo":0,"ocean_custom_logo_max_width":0,"ocean_custom_logo_tablet_max_width":0,"ocean_custom_logo_mobile_max_width":0,"ocean_custom_logo_max_height":0,"ocean_custom_logo_tablet_max_height":0,"ocean_custom_logo_mobile_max_height":0,"ocean_header_custom_menu":"0","ocean_menu_typo_font_family":"0","ocean_menu_typo_font_subset":"","ocean_menu_typo_font_size":0,"ocean_menu_typo_font_size_tablet":0,"ocean_menu_typo_font_size_mobile":0,"ocean_menu_typo_font_size_unit":"px","ocean_menu_typo_font_weight":"","ocean_menu_typo_font_weight_tablet":"","ocean_menu_typo_font_weight_mobile":"","ocean_menu_typo_transform":"","ocean_menu_typo_transform_tablet":"","ocean_menu_typo_transform_mobile":"","ocean_menu_typo_line_height":0,"ocean_menu_typo_line_height_tablet":0,"ocean_menu_typo_line_height_mobile":0,"ocean_menu_typo_line_height_unit":"","ocean_menu_typo_spacing":0,"ocean_menu_typo_spacing_tablet":0,"ocean_menu_typo_spacing_mobile":0,"ocean_menu_typo_spacing_unit":"","ocean_menu_link_color":"","ocean_menu_link_color_hover":"","ocean_menu_link_color_active":"","ocean_menu_link_background":"","ocean_menu_link_hover_background":"","ocean_menu_link_active_background":"","ocean_menu_social_links_bg":"","ocean_menu_social_hover_links_bg":"","ocean_menu_social_links_color":"","ocean_menu_social_hover_links_color":"","ocean_disable_title":"on","ocean_disable_heading":"default","ocean_post_title":"","ocean_post_subheading":"","ocean_post_title_style":"","ocean_post_title_background_color":"","ocean_post_title_background":0,"ocean_post_title_bg_image_position":"","ocean_post_title_bg_image_attachment":"","ocean_post_title_bg_image_repeat":"","ocean_post_title_bg_image_size":"","ocean_post_title_height":0,"ocean_post_title_bg_overlay":0.5,"ocean_post_title_bg_overlay_color":"","ocean_disable_breadcrumbs":"default","ocean_breadcrumbs_color":"","ocean_breadcrumbs_separator_color":"","ocean_breadcrumbs_links_color":"","ocean_breadcrumbs_links_hover_color":"","ocean_display_footer_widgets":"default","ocean_display_footer_bottom":"default","ocean_custom_footer_template":"0","footnotes":""},"class_list":["post-18622","page","type-page","status-publish","hentry","entry"],"_links":{"self":[{"href":"https:\/\/www.lazzinterni.com.br\/es\/wp-json\/wp\/v2\/pages\/18622","targetHints":{"allow":["GET"]}}],"collection":[{"href":"https:\/\/www.lazzinterni.com.br\/es\/wp-json\/wp\/v2\/pages"}],"about":[{"href":"https:\/\/www.lazzinterni.com.br\/es\/wp-json\/wp\/v2\/types\/page"}],"author":[{"embeddable":true,"href":"https:\/\/www.lazzinterni.com.br\/es\/wp-json\/wp\/v2\/users\/1"}],"replies":[{"embeddable":true,"href":"https:\/\/www.lazzinterni.com.br\/es\/wp-json\/wp\/v2\/comments?post=18622"}],"version-history":[{"count":0,"href":"https:\/\/www.lazzinterni.com.br\/es\/wp-json\/wp\/v2\/pages\/18622\/revisions"}],"up":[{"embeddable":true,"href":"https:\/\/www.lazzinterni.com.br\/es\/wp-json\/wp\/v2\/pages\/9452"}],"wp:attachment":[{"href":"https:\/\/www.lazzinterni.com.br\/es\/wp-json\/wp\/v2\/media?parent=18622"}],"curies":[{"name":"wp","href":"https:\/\/api.w.org\/{rel}","templated":true}]}}