{"id":13611,"date":"2025-07-07T11:06:39","date_gmt":"2025-07-07T14:06:39","guid":{"rendered":"https:\/\/www.lazzinterni.com.br\/?page_id=13611"},"modified":"2025-10-20T14:12:39","modified_gmt":"2025-10-20T17:12:39","slug":"elementos","status":"publish","type":"page","link":"https:\/\/www.lazzinterni.com.br\/es\/colecao\/mesas-laterais\/elementos\/","title":{"rendered":"Elementos"},"content":{"rendered":"<div data-elementor-type=\"wp-page\" data-elementor-id=\"13611\" class=\"elementor elementor-13611\">\n\t\t\t\t\t\t<section class=\"elementor-section elementor-top-section elementor-element elementor-element-2ad7379 elementor-section-boxed elementor-section-height-default elementor-section-height-default\" data-id=\"2ad7379\" data-element_type=\"section\" data-e-type=\"section\" data-settings=\"{&quot;background_background&quot;:&quot;classic&quot;}\">\n\t\t\t\t\t\t<div class=\"elementor-container elementor-column-gap-default\">\n\t\t\t\t\t<div class=\"elementor-column elementor-col-100 elementor-top-column elementor-element elementor-element-301e29d\" data-id=\"301e29d\" data-element_type=\"column\" data-e-type=\"column\">\n\t\t\t<div class=\"elementor-widget-wrap elementor-element-populated\">\n\t\t\t\t\t\t<div class=\"elementor-element elementor-element-df25667 elementor-widget elementor-widget-spacer\" data-id=\"df25667\" data-element_type=\"widget\" data-e-type=\"widget\" data-widget_type=\"spacer.default\">\n\t\t\t\t<div class=\"elementor-widget-container\">\n\t\t\t\t\t\t\t<div class=\"elementor-spacer\">\n\t\t\t<div class=\"elementor-spacer-inner\"><\/div>\n\t\t<\/div>\n\t\t\t\t\t\t<\/div>\n\t\t\t\t<\/div>\n\t\t\t\t\t<\/div>\n\t\t<\/div>\n\t\t\t\t\t<\/div>\n\t\t<\/section>\n\t\t\t\t<section class=\"elementor-section elementor-top-section elementor-element elementor-element-4079379 elementor-section-boxed elementor-section-height-default elementor-section-height-default\" data-id=\"4079379\" data-element_type=\"section\" data-e-type=\"section\">\n\t\t\t\t\t\t<div class=\"elementor-container elementor-column-gap-default\">\n\t\t\t\t\t<div class=\"elementor-column elementor-col-100 elementor-top-column elementor-element elementor-element-275b285\" data-id=\"275b285\" data-element_type=\"column\" data-e-type=\"column\">\n\t\t\t<div class=\"elementor-widget-wrap elementor-element-populated\">\n\t\t\t\t\t\t<div class=\"elementor-element elementor-element-b787aa6 elementor-widget elementor-widget-spacer\" data-id=\"b787aa6\" data-element_type=\"widget\" data-e-type=\"widget\" data-widget_type=\"spacer.default\">\n\t\t\t\t<div class=\"elementor-widget-container\">\n\t\t\t\t\t\t\t<div class=\"elementor-spacer\">\n\t\t\t<div class=\"elementor-spacer-inner\"><\/div>\n\t\t<\/div>\n\t\t\t\t\t\t<\/div>\n\t\t\t\t<\/div>\n\t\t\t\t<div class=\"elementor-element elementor-element-55eb14a elementor-widget elementor-widget-spacer\" data-id=\"55eb14a\" data-element_type=\"widget\" data-e-type=\"widget\" data-widget_type=\"spacer.default\">\n\t\t\t\t<div class=\"elementor-widget-container\">\n\t\t\t\t\t\t\t<div class=\"elementor-spacer\">\n\t\t\t<div class=\"elementor-spacer-inner\"><\/div>\n\t\t<\/div>\n\t\t\t\t\t\t<\/div>\n\t\t\t\t<\/div>\n\t\t\t\t\t<\/div>\n\t\t<\/div>\n\t\t\t\t\t<\/div>\n\t\t<\/section>\n\t\t\t\t<section class=\"elementor-section elementor-top-section elementor-element elementor-element-731c8237 elementor-section-boxed elementor-section-height-default elementor-section-height-default\" data-id=\"731c8237\" data-element_type=\"section\" data-e-type=\"section\">\n\t\t\t\t\t\t<div class=\"elementor-container elementor-column-gap-default\">\n\t\t\t\t\t<div class=\"elementor-column elementor-col-100 elementor-top-column elementor-element elementor-element-1ef14505\" data-id=\"1ef14505\" data-element_type=\"column\" data-e-type=\"column\">\n\t\t\t<div class=\"elementor-widget-wrap elementor-element-populated\">\n\t\t\t\t\t\t<div class=\"elementor-element elementor-element-4ee52cb4 elementor-widget elementor-widget-heading\" data-id=\"4ee52cb4\" data-element_type=\"widget\" data-e-type=\"widget\" data-widget_type=\"heading.default\">\n\t\t\t\t<div class=\"elementor-widget-container\">\n\t\t\t\t\t<h3 class=\"elementor-heading-title elementor-size-default\">Elementos<\/h3>\t\t\t\t<\/div>\n\t\t\t\t<\/div>\n\t\t\t\t\t<\/div>\n\t\t<\/div>\n\t\t\t\t\t<\/div>\n\t\t<\/section>\n\t\t\t\t<section class=\"elementor-section elementor-top-section elementor-element elementor-element-3083879 elementor-section-boxed elementor-section-height-default elementor-section-height-default\" data-id=\"3083879\" data-element_type=\"section\" data-e-type=\"section\">\n\t\t\t\t\t\t<div class=\"elementor-container elementor-column-gap-default\">\n\t\t\t\t\t<div class=\"elementor-column elementor-col-100 elementor-top-column elementor-element elementor-element-6e2ef63\" data-id=\"6e2ef63\" data-element_type=\"column\" data-e-type=\"column\">\n\t\t\t<div class=\"elementor-widget-wrap elementor-element-populated\">\n\t\t\t\t\t\t<div class=\"elementor-element elementor-element-e7a6f00 elementor-widget elementor-widget-image\" data-id=\"e7a6f00\" data-element_type=\"widget\" data-e-type=\"widget\" data-widget_type=\"image.default\">\n\t\t\t\t<div class=\"elementor-widget-container\">\n\t\t\t\t\t\t\t\t\t\t\t\t\t\t\t<img fetchpriority=\"high\" decoding=\"async\" width=\"2560\" height=\"2560\" src=\"https:\/\/www.lazzinterni.com.br\/wp-content\/uploads\/2025\/07\/PL-ELEMENTOS-1-scaled.jpg\" class=\"attachment-full size-full wp-image-13317\" alt=\"\" srcset=\"https:\/\/www.lazzinterni.com.br\/wp-content\/uploads\/2025\/07\/PL-ELEMENTOS-1-scaled.jpg 2560w, https:\/\/www.lazzinterni.com.br\/wp-content\/uploads\/2025\/07\/PL-ELEMENTOS-1-300x300.jpg 300w, https:\/\/www.lazzinterni.com.br\/wp-content\/uploads\/2025\/07\/PL-ELEMENTOS-1-1024x1024.jpg 1024w, https:\/\/www.lazzinterni.com.br\/wp-content\/uploads\/2025\/07\/PL-ELEMENTOS-1-150x150.jpg 150w, https:\/\/www.lazzinterni.com.br\/wp-content\/uploads\/2025\/07\/PL-ELEMENTOS-1-768x768.jpg 768w, https:\/\/www.lazzinterni.com.br\/wp-content\/uploads\/2025\/07\/PL-ELEMENTOS-1-1536x1536.jpg 1536w, https:\/\/www.lazzinterni.com.br\/wp-content\/uploads\/2025\/07\/PL-ELEMENTOS-1-2048x2048.jpg 2048w, https:\/\/www.lazzinterni.com.br\/wp-content\/uploads\/2025\/07\/PL-ELEMENTOS-1-12x12.jpg 12w, https:\/\/www.lazzinterni.com.br\/wp-content\/uploads\/2025\/07\/PL-ELEMENTOS-1-600x600.jpg 600w\" sizes=\"(max-width: 2560px) 100vw, 2560px\" \/>\t\t\t\t\t\t\t\t\t\t\t\t\t\t\t<\/div>\n\t\t\t\t<\/div>\n\t\t\t\t\t<\/div>\n\t\t<\/div>\n\t\t\t\t\t<\/div>\n\t\t<\/section>\n\t\t\t\t<section class=\"elementor-section elementor-top-section elementor-element elementor-element-3fbd93e elementor-section-boxed elementor-section-height-default elementor-section-height-default\" data-id=\"3fbd93e\" data-element_type=\"section\" data-e-type=\"section\">\n\t\t\t\t\t\t<div class=\"elementor-container elementor-column-gap-default\">\n\t\t\t\t\t<div class=\"elementor-column elementor-col-100 elementor-top-column elementor-element elementor-element-112caf0\" data-id=\"112caf0\" data-element_type=\"column\" data-e-type=\"column\">\n\t\t\t<div class=\"elementor-widget-wrap elementor-element-populated\">\n\t\t\t\t\t\t<div class=\"elementor-element elementor-element-4515200 elementor-widget elementor-widget-text-editor\" data-id=\"4515200\" data-element_type=\"widget\" data-e-type=\"widget\" data-widget_type=\"text-editor.default\">\n\t\t\t\t<div class=\"elementor-widget-container\">\n\t\t\t\t\t\t\t\t\t<p>La butaca Elementos fue creada para formar parte de la rutina de las personas. Con estructura en madera maciza y curvas que se adaptan al cuerpo, traduce lo esencial: belleza que funciona, confort que perdura. Firmada por Neuri Henkel, es de esas piezas que se convierten en parte de la vida. No solo por su apariencia, sino por su uso.<\/p><p><strong>Designer: Henkel Design<\/strong><\/p>\t\t\t\t\t\t\t\t<\/div>\n\t\t\t\t<\/div>\n\t\t\t\t\t<\/div>\n\t\t<\/div>\n\t\t\t\t\t<\/div>\n\t\t<\/section>\n\t\t\t\t<section class=\"elementor-section elementor-top-section elementor-element elementor-element-41a27c5 elementor-section-boxed elementor-section-height-default elementor-section-height-default\" data-id=\"41a27c5\" data-element_type=\"section\" data-e-type=\"section\">\n\t\t\t\t\t\t<div class=\"elementor-container elementor-column-gap-default\">\n\t\t\t\t\t<div class=\"elementor-column elementor-col-100 elementor-top-column elementor-element elementor-element-c952e09\" data-id=\"c952e09\" data-element_type=\"column\" data-e-type=\"column\">\n\t\t\t<div class=\"elementor-widget-wrap elementor-element-populated\">\n\t\t\t\t\t\t<div class=\"elementor-element elementor-element-73f1430 elementor-widget__width-initial elementor-widget elementor-widget-toggle\" data-id=\"73f1430\" data-element_type=\"widget\" data-e-type=\"widget\" data-widget_type=\"toggle.default\">\n\t\t\t\t<div class=\"elementor-widget-container\">\n\t\t\t\t\t\t\t<div class=\"elementor-toggle\">\n\t\t\t\t\t\t\t<div class=\"elementor-toggle-item\">\n\t\t\t\t\t<div id=\"elementor-tab-title-1211\" class=\"elementor-tab-title\" data-tab=\"1\" role=\"button\" aria-controls=\"elementor-tab-content-1211\" aria-expanded=\"false\">\n\t\t\t\t\t\t\t\t\t\t\t\t<span class=\"elementor-toggle-icon elementor-toggle-icon-right\" aria-hidden=\"true\">\n\t\t\t\t\t\t\t\t\t\t\t\t\t\t\t<span class=\"elementor-toggle-icon-closed\"><i class=\"fas fa-chevron-down\"><\/i><\/span>\n\t\t\t\t\t\t\t\t<span class=\"elementor-toggle-icon-opened\"><i class=\"elementor-toggle-icon-opened fas fa-chevron-up\"><\/i><\/span>\n\t\t\t\t\t\t\t\t\t\t\t\t\t<\/span>\n\t\t\t\t\t\t\t\t\t\t\t\t<a class=\"elementor-toggle-title\" tabindex=\"0\">Detalles<\/a>\n\t\t\t\t\t<\/div>\n\n\t\t\t\t\t<div id=\"elementor-tab-content-1211\" class=\"elementor-tab-content elementor-clearfix\" data-tab=\"1\" role=\"region\" aria-labelledby=\"elementor-tab-title-1211\"><p>Curva del asiento en cinamomo \u00e1mbar.\u00a0<\/p><p class=\"translation-block\">Base en madera maciza con tinte \u00e1mbar.<\/p><\/div>\n\t\t\t\t<\/div>\n\t\t\t\t\t\t\t<div class=\"elementor-toggle-item\">\n\t\t\t\t\t<div id=\"elementor-tab-title-1212\" class=\"elementor-tab-title\" data-tab=\"2\" role=\"button\" aria-controls=\"elementor-tab-content-1212\" aria-expanded=\"false\">\n\t\t\t\t\t\t\t\t\t\t\t\t<span class=\"elementor-toggle-icon elementor-toggle-icon-right\" aria-hidden=\"true\">\n\t\t\t\t\t\t\t\t\t\t\t\t\t\t\t<span class=\"elementor-toggle-icon-closed\"><i class=\"fas fa-chevron-down\"><\/i><\/span>\n\t\t\t\t\t\t\t\t<span class=\"elementor-toggle-icon-opened\"><i class=\"elementor-toggle-icon-opened fas fa-chevron-up\"><\/i><\/span>\n\t\t\t\t\t\t\t\t\t\t\t\t\t<\/span>\n\t\t\t\t\t\t\t\t\t\t\t\t<a class=\"elementor-toggle-title\" tabindex=\"0\">Dimensiones<\/a>\n\t\t\t\t\t<\/div>\n\n\t\t\t\t\t<div id=\"elementor-tab-content-1212\" class=\"elementor-tab-content elementor-clearfix\" data-tab=\"2\" role=\"region\" aria-labelledby=\"elementor-tab-title-1212\"><p>PL1520 &#8211; 77 x 77 x 72cm<\/p><\/div>\n\t\t\t\t<\/div>\n\t\t\t\t\t\t\t\t<\/div>\n\t\t\t\t\t\t<\/div>\n\t\t\t\t<\/div>\n\t\t\t\t\t<\/div>\n\t\t<\/div>\n\t\t\t\t\t<\/div>\n\t\t<\/section>\n\t\t\t\t<section class=\"elementor-section elementor-top-section elementor-element elementor-element-2506100 elementor-section-boxed elementor-section-height-default elementor-section-height-default\" data-id=\"2506100\" data-element_type=\"section\" data-e-type=\"section\">\n\t\t\t\t\t\t<div class=\"elementor-container elementor-column-gap-default\">\n\t\t\t\t\t<div class=\"elementor-column elementor-col-100 elementor-top-column elementor-element elementor-element-21b5237\" data-id=\"21b5237\" data-element_type=\"column\" data-e-type=\"column\">\n\t\t\t<div class=\"elementor-widget-wrap elementor-element-populated\">\n\t\t\t\t\t\t<div class=\"elementor-element elementor-element-09f33c1 elementor-widget elementor-widget-heading\" data-id=\"09f33c1\" data-element_type=\"widget\" data-e-type=\"widget\" data-widget_type=\"heading.default\">\n\t\t\t\t<div class=\"elementor-widget-container\">\n\t\t\t\t\t<h3 class=\"elementor-heading-title elementor-size-large\">Acabados Disponibles<\/h3>\t\t\t\t<\/div>\n\t\t\t\t<\/div>\n\t\t\t\t<div class=\"elementor-element elementor-element-d5bf8ff elementor-widget elementor-widget-heading\" data-id=\"d5bf8ff\" data-element_type=\"widget\" data-e-type=\"widget\" data-widget_type=\"heading.default\">\n\t\t\t\t<div class=\"elementor-widget-container\">\n\t\t\t\t\t<h2 class=\"elementor-heading-title elementor-size-medium\">Base y Asiento \u2013 Acabado Te\u00f1ido<\/h2>\t\t\t\t<\/div>\n\t\t\t\t<\/div>\n\t\t\t\t<div class=\"elementor-element elementor-element-8d68b7a elementor-widget elementor-widget-image-gallery\" data-id=\"8d68b7a\" data-element_type=\"widget\" data-e-type=\"widget\" data-widget_type=\"image-gallery.default\">\n\t\t\t\t<div class=\"elementor-widget-container\">\n\t\t\t\t\t\t\t<div class=\"elementor-image-gallery\">\n\t\t\t<div id='gallery-1' class='gallery galleryid-13611 gallery-columns-5 gallery-size-thumbnail'><figure class='gallery-item'>\n\t\t\t<div class='gallery-icon landscape'>\n\t\t\t\t<a data-elementor-open-lightbox=\"yes\" data-elementor-lightbox-slideshow=\"8d68b7a\" data-e-action-hash=\"#elementor-action%3Aaction%3Dlightbox%26settings%3DeyJpZCI6OTgzNCwidXJsIjoiaHR0cHM6XC9cL3d3dy5sYXp6aW50ZXJuaS5jb20uYnJcL3dwLWNvbnRlbnRcL3VwbG9hZHNcLzIwMjRcLzAyXC9DaW5hbW9tby1BbWJhci5qcGVnIiwic2xpZGVzaG93IjoiOGQ2OGI3YSJ9\" href='https:\/\/www.lazzinterni.com.br\/wp-content\/uploads\/2024\/02\/Cinamomo-Ambar.jpeg'><img decoding=\"async\" width=\"150\" height=\"150\" src=\"https:\/\/www.lazzinterni.com.br\/wp-content\/uploads\/2024\/02\/Cinamomo-Ambar-150x150.jpeg\" class=\"attachment-thumbnail size-thumbnail\" alt=\"\" aria-describedby=\"gallery-1-9834\" srcset=\"https:\/\/www.lazzinterni.com.br\/wp-content\/uploads\/2024\/02\/Cinamomo-Ambar-150x150.jpeg 150w, https:\/\/www.lazzinterni.com.br\/wp-content\/uploads\/2024\/02\/Cinamomo-Ambar-300x300.jpeg 300w, https:\/\/www.lazzinterni.com.br\/wp-content\/uploads\/2024\/02\/Cinamomo-Ambar-12x12.jpeg 12w, https:\/\/www.lazzinterni.com.br\/wp-content\/uploads\/2024\/02\/Cinamomo-Ambar-600x600.jpeg 600w, https:\/\/www.lazzinterni.com.br\/wp-content\/uploads\/2024\/02\/Cinamomo-Ambar.jpeg 640w\" sizes=\"(max-width: 150px) 100vw, 150px\" \/><\/a>\n\t\t\t<\/div>\n\t\t\t\t<figcaption class='wp-caption-text gallery-caption' id='gallery-1-9834'>\n\t\t\t\tCinamomo\n\t\t\t\t<\/figcaption><\/figure><figure class='gallery-item'>\n\t\t\t<div class='gallery-icon landscape'>\n\t\t\t\t<a data-elementor-open-lightbox=\"yes\" data-elementor-lightbox-slideshow=\"8d68b7a\" data-e-action-hash=\"#elementor-action%3Aaction%3Dlightbox%26settings%3DeyJpZCI6OTgzNSwidXJsIjoiaHR0cHM6XC9cL3d3dy5sYXp6aW50ZXJuaS5jb20uYnJcL3dwLWNvbnRlbnRcL3VwbG9hZHNcLzIwMjRcLzAyXC9DaW5hbW9tby1DYXN0YW5oby5qcGVnIiwic2xpZGVzaG93IjoiOGQ2OGI3YSJ9\" href='https:\/\/www.lazzinterni.com.br\/wp-content\/uploads\/2024\/02\/Cinamomo-Castanho.jpeg'><img decoding=\"async\" width=\"150\" height=\"150\" src=\"https:\/\/www.lazzinterni.com.br\/wp-content\/uploads\/2024\/02\/Cinamomo-Castanho-150x150.jpeg\" class=\"attachment-thumbnail size-thumbnail\" alt=\"\" aria-describedby=\"gallery-1-9835\" srcset=\"https:\/\/www.lazzinterni.com.br\/wp-content\/uploads\/2024\/02\/Cinamomo-Castanho-150x150.jpeg 150w, https:\/\/www.lazzinterni.com.br\/wp-content\/uploads\/2024\/02\/Cinamomo-Castanho-300x300.jpeg 300w, https:\/\/www.lazzinterni.com.br\/wp-content\/uploads\/2024\/02\/Cinamomo-Castanho-12x12.jpeg 12w, https:\/\/www.lazzinterni.com.br\/wp-content\/uploads\/2024\/02\/Cinamomo-Castanho-600x600.jpeg 600w, https:\/\/www.lazzinterni.com.br\/wp-content\/uploads\/2024\/02\/Cinamomo-Castanho.jpeg 640w\" sizes=\"(max-width: 150px) 100vw, 150px\" \/><\/a>\n\t\t\t<\/div>\n\t\t\t\t<figcaption class='wp-caption-text gallery-caption' id='gallery-1-9835'>\n\t\t\t\tMarr\u00f3n\n\t\t\t\t<\/figcaption><\/figure><figure class='gallery-item'>\n\t\t\t<div class='gallery-icon landscape'>\n\t\t\t\t<a data-elementor-open-lightbox=\"yes\" data-elementor-lightbox-slideshow=\"8d68b7a\" data-e-action-hash=\"#elementor-action%3Aaction%3Dlightbox%26settings%3DeyJpZCI6OTgzNywidXJsIjoiaHR0cHM6XC9cL3d3dy5sYXp6aW50ZXJuaS5jb20uYnJcL3dwLWNvbnRlbnRcL3VwbG9hZHNcLzIwMjRcLzAyXC9DaW5hbW9tby1Nb2thLmpwZWciLCJzbGlkZXNob3ciOiI4ZDY4YjdhIn0%3D\" href='https:\/\/www.lazzinterni.com.br\/wp-content\/uploads\/2024\/02\/Cinamomo-Moka.jpeg'><img loading=\"lazy\" decoding=\"async\" width=\"150\" height=\"150\" src=\"https:\/\/www.lazzinterni.com.br\/wp-content\/uploads\/2024\/02\/Cinamomo-Moka-150x150.jpeg\" class=\"attachment-thumbnail size-thumbnail\" alt=\"\" aria-describedby=\"gallery-1-9837\" srcset=\"https:\/\/www.lazzinterni.com.br\/wp-content\/uploads\/2024\/02\/Cinamomo-Moka-150x150.jpeg 150w, https:\/\/www.lazzinterni.com.br\/wp-content\/uploads\/2024\/02\/Cinamomo-Moka-300x300.jpeg 300w, https:\/\/www.lazzinterni.com.br\/wp-content\/uploads\/2024\/02\/Cinamomo-Moka-12x12.jpeg 12w, https:\/\/www.lazzinterni.com.br\/wp-content\/uploads\/2024\/02\/Cinamomo-Moka-600x600.jpeg 600w, https:\/\/www.lazzinterni.com.br\/wp-content\/uploads\/2024\/02\/Cinamomo-Moka.jpeg 640w\" sizes=\"(max-width: 150px) 100vw, 150px\" \/><\/a>\n\t\t\t<\/div>\n\t\t\t\t<figcaption class='wp-caption-text gallery-caption' id='gallery-1-9837'>\n\t\t\t\tMocca\n\t\t\t\t<\/figcaption><\/figure><figure class='gallery-item'>\n\t\t\t<div class='gallery-icon landscape'>\n\t\t\t\t<a data-elementor-open-lightbox=\"yes\" data-elementor-lightbox-slideshow=\"8d68b7a\" data-e-action-hash=\"#elementor-action%3Aaction%3Dlightbox%26settings%3DeyJpZCI6OTgzNiwidXJsIjoiaHR0cHM6XC9cL3d3dy5sYXp6aW50ZXJuaS5jb20uYnJcL3dwLWNvbnRlbnRcL3VwbG9hZHNcLzIwMjRcLzAyXC9DaW5hbW9tby1FYmFuaXphZG8uanBlZyIsInNsaWRlc2hvdyI6IjhkNjhiN2EifQ%3D%3D\" href='https:\/\/www.lazzinterni.com.br\/wp-content\/uploads\/2024\/02\/Cinamomo-Ebanizado.jpeg'><img loading=\"lazy\" decoding=\"async\" width=\"150\" height=\"150\" src=\"https:\/\/www.lazzinterni.com.br\/wp-content\/uploads\/2024\/02\/Cinamomo-Ebanizado-150x150.jpeg\" class=\"attachment-thumbnail size-thumbnail\" alt=\"\" aria-describedby=\"gallery-1-9836\" srcset=\"https:\/\/www.lazzinterni.com.br\/wp-content\/uploads\/2024\/02\/Cinamomo-Ebanizado-150x150.jpeg 150w, https:\/\/www.lazzinterni.com.br\/wp-content\/uploads\/2024\/02\/Cinamomo-Ebanizado-300x300.jpeg 300w, https:\/\/www.lazzinterni.com.br\/wp-content\/uploads\/2024\/02\/Cinamomo-Ebanizado-12x12.jpeg 12w, https:\/\/www.lazzinterni.com.br\/wp-content\/uploads\/2024\/02\/Cinamomo-Ebanizado-600x600.jpeg 600w, https:\/\/www.lazzinterni.com.br\/wp-content\/uploads\/2024\/02\/Cinamomo-Ebanizado.jpeg 640w\" sizes=\"(max-width: 150px) 100vw, 150px\" \/><\/a>\n\t\t\t<\/div>\n\t\t\t\t<figcaption class='wp-caption-text gallery-caption' id='gallery-1-9836'>\n\t\t\t\tEbanizado\n\t\t\t\t<\/figcaption><\/figure><figure class='gallery-item'>\n\t\t\t<div class='gallery-icon landscape'>\n\t\t\t\t<a data-elementor-open-lightbox=\"yes\" data-elementor-lightbox-slideshow=\"8d68b7a\" data-e-action-hash=\"#elementor-action%3Aaction%3Dlightbox%26settings%3DeyJpZCI6OTgzOCwidXJsIjoiaHR0cHM6XC9cL3d3dy5sYXp6aW50ZXJuaS5jb20uYnJcL3dwLWNvbnRlbnRcL3VwbG9hZHNcLzIwMjRcLzAyXC9DaW5hbW9tby1QYXBpcm8uanBlZyIsInNsaWRlc2hvdyI6IjhkNjhiN2EifQ%3D%3D\" href='https:\/\/www.lazzinterni.com.br\/wp-content\/uploads\/2024\/02\/Cinamomo-Papiro.jpeg'><img loading=\"lazy\" decoding=\"async\" width=\"150\" height=\"150\" src=\"https:\/\/www.lazzinterni.com.br\/wp-content\/uploads\/2024\/02\/Cinamomo-Papiro-150x150.jpeg\" class=\"attachment-thumbnail size-thumbnail\" alt=\"\" aria-describedby=\"gallery-1-9838\" srcset=\"https:\/\/www.lazzinterni.com.br\/wp-content\/uploads\/2024\/02\/Cinamomo-Papiro-150x150.jpeg 150w, https:\/\/www.lazzinterni.com.br\/wp-content\/uploads\/2024\/02\/Cinamomo-Papiro-13x12.jpeg 13w, https:\/\/www.lazzinterni.com.br\/wp-content\/uploads\/2024\/02\/Cinamomo-Papiro-600x600.jpeg 600w\" sizes=\"(max-width: 150px) 100vw, 150px\" \/><\/a>\n\t\t\t<\/div>\n\t\t\t\t<figcaption class='wp-caption-text gallery-caption' id='gallery-1-9838'>\n\t\t\t\tPapiro\n\t\t\t\t<\/figcaption><\/figure><figure class='gallery-item'>\n\t\t\t<div class='gallery-icon landscape'>\n\t\t\t\t<a data-elementor-open-lightbox=\"yes\" data-elementor-lightbox-slideshow=\"8d68b7a\" data-e-action-hash=\"#elementor-action%3Aaction%3Dlightbox%26settings%3DeyJpZCI6MTQxOTgsInVybCI6Imh0dHBzOlwvXC93d3cubGF6emludGVybmkuY29tLmJyXC93cC1jb250ZW50XC91cGxvYWRzXC8yMDI1XC8wOVwvV2hhdHNBcHAtSW1hZ2UtMjAyNS0wMi0xMy1hdC0wNy41My40OS5qcGVnIiwic2xpZGVzaG93IjoiOGQ2OGI3YSJ9\" href='https:\/\/www.lazzinterni.com.br\/wp-content\/uploads\/2025\/09\/WhatsApp-Image-2025-02-13-at-07.53.49.jpeg'><img loading=\"lazy\" decoding=\"async\" width=\"150\" height=\"150\" src=\"https:\/\/www.lazzinterni.com.br\/wp-content\/uploads\/2025\/09\/WhatsApp-Image-2025-02-13-at-07.53.49-150x150.jpeg\" class=\"attachment-thumbnail size-thumbnail\" alt=\"\" aria-describedby=\"gallery-1-14198\" srcset=\"https:\/\/www.lazzinterni.com.br\/wp-content\/uploads\/2025\/09\/WhatsApp-Image-2025-02-13-at-07.53.49-150x150.jpeg 150w, https:\/\/www.lazzinterni.com.br\/wp-content\/uploads\/2025\/09\/WhatsApp-Image-2025-02-13-at-07.53.49-12x12.jpeg 12w, https:\/\/www.lazzinterni.com.br\/wp-content\/uploads\/2025\/09\/WhatsApp-Image-2025-02-13-at-07.53.49-600x600.jpeg 600w\" sizes=\"(max-width: 150px) 100vw, 150px\" \/><\/a>\n\t\t\t<\/div>\n\t\t\t\t<figcaption class='wp-caption-text gallery-caption' id='gallery-1-14198'>\n\t\t\t\tAlpi\n\t\t\t\t<\/figcaption><\/figure>\n\t\t<\/div>\n\t\t<\/div>\n\t\t\t\t\t\t<\/div>\n\t\t\t\t<\/div>\n\t\t\t\t<div class=\"elementor-element elementor-element-5de3b6f elementor-widget elementor-widget-spacer\" data-id=\"5de3b6f\" data-element_type=\"widget\" data-e-type=\"widget\" data-widget_type=\"spacer.default\">\n\t\t\t\t<div class=\"elementor-widget-container\">\n\t\t\t\t\t\t\t<div class=\"elementor-spacer\">\n\t\t\t<div class=\"elementor-spacer-inner\"><\/div>\n\t\t<\/div>\n\t\t\t\t\t\t<\/div>\n\t\t\t\t<\/div>\n\t\t\t\t\t<\/div>\n\t\t<\/div>\n\t\t\t\t\t<\/div>\n\t\t<\/section>\n\t\t\t\t<\/div>","protected":false},"excerpt":{"rendered":"<p>Elementos A Poltrona Elementos foi feita para estar na rotina das pessoas. Com estrutura em madeira maci\u00e7a e curvas que se encaixam no corpo, ela traduz o essencial: beleza que funciona, conforto que permanece. Assinada por Neuri Henkel, essa \u00e9 daquelas pe\u00e7as que viram parte da vida. N\u00e3o apenas pela sua apar\u00eancia, mas pelo seu [&hellip;]<\/p>\n","protected":false},"author":1,"featured_media":0,"parent":601,"menu_order":0,"comment_status":"closed","ping_status":"closed","template":"","meta":{"ocean_post_layout":"full-screen","ocean_both_sidebars_style":"","ocean_both_sidebars_content_width":0,"ocean_both_sidebars_sidebars_width":0,"ocean_sidebar":"0","ocean_second_sidebar":"0","ocean_disable_margins":"on","ocean_add_body_class":"","ocean_shortcode_before_top_bar":"","ocean_shortcode_after_top_bar":"","ocean_shortcode_before_header":"","ocean_shortcode_after_header":"","ocean_has_shortcode":"","ocean_shortcode_after_title":"","ocean_shortcode_before_footer_widgets":"","ocean_shortcode_after_footer_widgets":"","ocean_shortcode_before_footer_bottom":"","ocean_shortcode_after_footer_bottom":"","ocean_display_top_bar":"default","ocean_display_header":"default","ocean_header_style":"","ocean_center_header_left_menu":"0","ocean_custom_header_template":"0","ocean_custom_logo":0,"ocean_custom_retina_logo":0,"ocean_custom_logo_max_width":0,"ocean_custom_logo_tablet_max_width":0,"ocean_custom_logo_mobile_max_width":0,"ocean_custom_logo_max_height":0,"ocean_custom_logo_tablet_max_height":0,"ocean_custom_logo_mobile_max_height":0,"ocean_header_custom_menu":"0","ocean_menu_typo_font_family":"0","ocean_menu_typo_font_subset":"","ocean_menu_typo_font_size":0,"ocean_menu_typo_font_size_tablet":0,"ocean_menu_typo_font_size_mobile":0,"ocean_menu_typo_font_size_unit":"px","ocean_menu_typo_font_weight":"","ocean_menu_typo_font_weight_tablet":"","ocean_menu_typo_font_weight_mobile":"","ocean_menu_typo_transform":"","ocean_menu_typo_transform_tablet":"","ocean_menu_typo_transform_mobile":"","ocean_menu_typo_line_height":0,"ocean_menu_typo_line_height_tablet":0,"ocean_menu_typo_line_height_mobile":0,"ocean_menu_typo_line_height_unit":"","ocean_menu_typo_spacing":0,"ocean_menu_typo_spacing_tablet":0,"ocean_menu_typo_spacing_mobile":0,"ocean_menu_typo_spacing_unit":"","ocean_menu_link_color":"","ocean_menu_link_color_hover":"","ocean_menu_link_color_active":"","ocean_menu_link_background":"","ocean_menu_link_hover_background":"","ocean_menu_link_active_background":"","ocean_menu_social_links_bg":"","ocean_menu_social_hover_links_bg":"","ocean_menu_social_links_color":"","ocean_menu_social_hover_links_color":"","ocean_disable_title":"on","ocean_disable_heading":"default","ocean_post_title":"","ocean_post_subheading":"","ocean_post_title_style":"","ocean_post_title_background_color":"","ocean_post_title_background":0,"ocean_post_title_bg_image_position":"","ocean_post_title_bg_image_attachment":"","ocean_post_title_bg_image_repeat":"","ocean_post_title_bg_image_size":"","ocean_post_title_height":0,"ocean_post_title_bg_overlay":0.5,"ocean_post_title_bg_overlay_color":"","ocean_disable_breadcrumbs":"default","ocean_breadcrumbs_color":"","ocean_breadcrumbs_separator_color":"","ocean_breadcrumbs_links_color":"","ocean_breadcrumbs_links_hover_color":"","ocean_display_footer_widgets":"default","ocean_display_footer_bottom":"default","ocean_custom_footer_template":"0","footnotes":""},"class_list":["post-13611","page","type-page","status-publish","hentry","entry"],"_links":{"self":[{"href":"https:\/\/www.lazzinterni.com.br\/es\/wp-json\/wp\/v2\/pages\/13611","targetHints":{"allow":["GET"]}}],"collection":[{"href":"https:\/\/www.lazzinterni.com.br\/es\/wp-json\/wp\/v2\/pages"}],"about":[{"href":"https:\/\/www.lazzinterni.com.br\/es\/wp-json\/wp\/v2\/types\/page"}],"author":[{"embeddable":true,"href":"https:\/\/www.lazzinterni.com.br\/es\/wp-json\/wp\/v2\/users\/1"}],"replies":[{"embeddable":true,"href":"https:\/\/www.lazzinterni.com.br\/es\/wp-json\/wp\/v2\/comments?post=13611"}],"version-history":[{"count":0,"href":"https:\/\/www.lazzinterni.com.br\/es\/wp-json\/wp\/v2\/pages\/13611\/revisions"}],"up":[{"embeddable":true,"href":"https:\/\/www.lazzinterni.com.br\/es\/wp-json\/wp\/v2\/pages\/601"}],"wp:attachment":[{"href":"https:\/\/www.lazzinterni.com.br\/es\/wp-json\/wp\/v2\/media?parent=13611"}],"curies":[{"name":"wp","href":"https:\/\/api.w.org\/{rel}","templated":true}]}}