{"id":13350,"date":"2025-07-01T09:21:30","date_gmt":"2025-07-01T12:21:30","guid":{"rendered":"https:\/\/www.lazzinterni.com.br\/?page_id=13350"},"modified":"2025-07-01T09:30:29","modified_gmt":"2025-07-01T12:30:29","slug":"aciolefelix","status":"publish","type":"page","link":"https:\/\/www.lazzinterni.com.br\/es\/designers\/aciolefelix\/","title":{"rendered":"Aciole F\u00e9lix"},"content":{"rendered":"<div data-elementor-type=\"wp-page\" data-elementor-id=\"13350\" class=\"elementor elementor-13350\">\n\t\t\t\t\t\t<section class=\"elementor-section elementor-top-section elementor-element elementor-element-0a29b71 elementor-section-boxed elementor-section-height-default elementor-section-height-default\" data-id=\"0a29b71\" data-element_type=\"section\" data-e-type=\"section\" data-settings=\"{&quot;background_background&quot;:&quot;classic&quot;}\">\n\t\t\t\t\t\t<div class=\"elementor-container elementor-column-gap-default\">\n\t\t\t\t\t<div class=\"elementor-column elementor-col-100 elementor-top-column elementor-element elementor-element-a9d3235\" data-id=\"a9d3235\" data-element_type=\"column\" data-e-type=\"column\">\n\t\t\t<div class=\"elementor-widget-wrap\">\n\t\t\t\t\t\t\t<\/div>\n\t\t<\/div>\n\t\t\t\t\t<\/div>\n\t\t<\/section>\n\t\t\t\t<section class=\"elementor-section elementor-top-section elementor-element elementor-element-1fc1316 elementor-section-boxed elementor-section-height-default elementor-section-height-default\" data-id=\"1fc1316\" data-element_type=\"section\" data-e-type=\"section\" data-settings=\"{&quot;background_background&quot;:&quot;classic&quot;}\">\n\t\t\t\t\t\t<div class=\"elementor-container elementor-column-gap-default\">\n\t\t\t\t\t<div class=\"elementor-column elementor-col-33 elementor-top-column elementor-element elementor-element-7032de0\" data-id=\"7032de0\" data-element_type=\"column\" data-e-type=\"column\">\n\t\t\t<div class=\"elementor-widget-wrap elementor-element-populated\">\n\t\t\t\t\t\t<div class=\"elementor-element elementor-element-81fc7b0 elementor-widget elementor-widget-image\" data-id=\"81fc7b0\" data-element_type=\"widget\" data-e-type=\"widget\" data-widget_type=\"image.default\">\n\t\t\t\t<div class=\"elementor-widget-container\">\n\t\t\t\t\t\t\t\t\t\t\t\t\t\t\t<img fetchpriority=\"high\" decoding=\"async\" width=\"512\" height=\"512\" src=\"https:\/\/www.lazzinterni.com.br\/wp-content\/uploads\/2024\/04\/aciole-felix.jpg\" class=\"attachment-large size-large wp-image-11855\" alt=\"\" srcset=\"https:\/\/www.lazzinterni.com.br\/wp-content\/uploads\/2024\/04\/aciole-felix.jpg 512w, https:\/\/www.lazzinterni.com.br\/wp-content\/uploads\/2024\/04\/aciole-felix-300x300.jpg 300w, https:\/\/www.lazzinterni.com.br\/wp-content\/uploads\/2024\/04\/aciole-felix-150x150.jpg 150w, https:\/\/www.lazzinterni.com.br\/wp-content\/uploads\/2024\/04\/aciole-felix-12x12.jpg 12w\" sizes=\"(max-width: 512px) 100vw, 512px\" \/>\t\t\t\t\t\t\t\t\t\t\t\t\t\t\t<\/div>\n\t\t\t\t<\/div>\n\t\t\t\t\t<\/div>\n\t\t<\/div>\n\t\t\t\t<div class=\"elementor-column elementor-col-66 elementor-top-column elementor-element elementor-element-0615943\" data-id=\"0615943\" data-element_type=\"column\" data-e-type=\"column\">\n\t\t\t<div class=\"elementor-widget-wrap elementor-element-populated\">\n\t\t\t\t\t\t<div class=\"elementor-element elementor-element-f1da70f elementor-widget elementor-widget-heading\" data-id=\"f1da70f\" data-element_type=\"widget\" data-e-type=\"widget\" data-widget_type=\"heading.default\">\n\t\t\t\t<div class=\"elementor-widget-container\">\n\t\t\t\t\t<h1 class=\"elementor-heading-title elementor-size-large\">Aciole F\u00e9lix<\/h1>\t\t\t\t<\/div>\n\t\t\t\t<\/div>\n\t\t\t\t<div class=\"elementor-element elementor-element-c0d1390 elementor-widget elementor-widget-text-editor\" data-id=\"c0d1390\" data-element_type=\"widget\" data-e-type=\"widget\" data-widget_type=\"text-editor.default\">\n\t\t\t\t<div class=\"elementor-widget-container\">\n\t\t\t\t\t\t\t\t\t<div class=\"page\" title=\"Page 2\">\n<div class=\"section\">\n<div class=\"layoutArea\">\n<div class=\"column\">\n<p>Desenhista Industrial formado pela Universidade de Bras\u00edlia e mestre em Design pelo Polit\u00e9cnico de Mil\u00e3o. Atua h\u00e1 mais de 15 anos projetando produtos para a ind\u00fastria nacional com passagem por grandes empresas, destacando aqui a experi\u00eancia de projetar para marcas como Alfa Romeo e Fiat em Turim na It\u00e1lia. Em 2013 voltou seu olhar para o desenvolvimento do mobili\u00e1rio autoral. Desde ent\u00e3o, exp\u00f4s seu trabalho nos principais endere\u00e7os do calend\u00e1rio mundial de design, incluindo as Design Weeks de S\u00e3o Paulo, Mil\u00e3o, Paris e Nova York. Com grande conhecimento dos processos produtivos industriais, seus produtos se caracterizam pela mistura de materiais e solu\u00e7\u00f5es construtivas. Seu tra\u00e7o, sempre muito limpo e decidido \u00e9 um reflexo da profunda influ\u00eancia da arquitetura modernista de sua cidade natal, Bras\u00edlia.<\/p>\n<\/div>\n<\/div>\n<\/div>\n<\/div>\t\t\t\t\t\t\t\t<\/div>\n\t\t\t\t<\/div>\n\t\t\t\t\t<\/div>\n\t\t<\/div>\n\t\t\t\t\t<\/div>\n\t\t<\/section>\n\t\t\t\t<\/div>","protected":false},"excerpt":{"rendered":"<p>Aciole F\u00e9lix Desenhista Industrial formado pela Universidade de Bras\u00edlia e mestre em Design pelo Polit\u00e9cnico de Mil\u00e3o. Atua h\u00e1 mais de 15 anos projetando produtos para a ind\u00fastria nacional com passagem por grandes empresas, destacando aqui a experi\u00eancia de projetar para marcas como Alfa Romeo e Fiat em Turim na It\u00e1lia. Em 2013 voltou seu [&hellip;]<\/p>\n","protected":false},"author":1,"featured_media":0,"parent":9452,"menu_order":0,"comment_status":"closed","ping_status":"closed","template":"","meta":{"ocean_post_layout":"full-screen","ocean_both_sidebars_style":"","ocean_both_sidebars_content_width":0,"ocean_both_sidebars_sidebars_width":0,"ocean_sidebar":"0","ocean_second_sidebar":"0","ocean_disable_margins":"on","ocean_add_body_class":"","ocean_shortcode_before_top_bar":"","ocean_shortcode_after_top_bar":"","ocean_shortcode_before_header":"","ocean_shortcode_after_header":"","ocean_has_shortcode":"","ocean_shortcode_after_title":"","ocean_shortcode_before_footer_widgets":"","ocean_shortcode_after_footer_widgets":"","ocean_shortcode_before_footer_bottom":"","ocean_shortcode_after_footer_bottom":"","ocean_display_top_bar":"default","ocean_display_header":"default","ocean_header_style":"","ocean_center_header_left_menu":"0","ocean_custom_header_template":"0","ocean_custom_logo":0,"ocean_custom_retina_logo":0,"ocean_custom_logo_max_width":0,"ocean_custom_logo_tablet_max_width":0,"ocean_custom_logo_mobile_max_width":0,"ocean_custom_logo_max_height":0,"ocean_custom_logo_tablet_max_height":0,"ocean_custom_logo_mobile_max_height":0,"ocean_header_custom_menu":"0","ocean_menu_typo_font_family":"0","ocean_menu_typo_font_subset":"","ocean_menu_typo_font_size":0,"ocean_menu_typo_font_size_tablet":0,"ocean_menu_typo_font_size_mobile":0,"ocean_menu_typo_font_size_unit":"px","ocean_menu_typo_font_weight":"","ocean_menu_typo_font_weight_tablet":"","ocean_menu_typo_font_weight_mobile":"","ocean_menu_typo_transform":"","ocean_menu_typo_transform_tablet":"","ocean_menu_typo_transform_mobile":"","ocean_menu_typo_line_height":0,"ocean_menu_typo_line_height_tablet":0,"ocean_menu_typo_line_height_mobile":0,"ocean_menu_typo_line_height_unit":"","ocean_menu_typo_spacing":0,"ocean_menu_typo_spacing_tablet":0,"ocean_menu_typo_spacing_mobile":0,"ocean_menu_typo_spacing_unit":"","ocean_menu_link_color":"","ocean_menu_link_color_hover":"","ocean_menu_link_color_active":"","ocean_menu_link_background":"","ocean_menu_link_hover_background":"","ocean_menu_link_active_background":"","ocean_menu_social_links_bg":"","ocean_menu_social_hover_links_bg":"","ocean_menu_social_links_color":"","ocean_menu_social_hover_links_color":"","ocean_disable_title":"on","ocean_disable_heading":"default","ocean_post_title":"","ocean_post_subheading":"","ocean_post_title_style":"","ocean_post_title_background_color":"","ocean_post_title_background":0,"ocean_post_title_bg_image_position":"","ocean_post_title_bg_image_attachment":"","ocean_post_title_bg_image_repeat":"","ocean_post_title_bg_image_size":"","ocean_post_title_height":0,"ocean_post_title_bg_overlay":0.5,"ocean_post_title_bg_overlay_color":"","ocean_disable_breadcrumbs":"default","ocean_breadcrumbs_color":"","ocean_breadcrumbs_separator_color":"","ocean_breadcrumbs_links_color":"","ocean_breadcrumbs_links_hover_color":"","ocean_display_footer_widgets":"default","ocean_display_footer_bottom":"default","ocean_custom_footer_template":"0","footnotes":""},"class_list":["post-13350","page","type-page","status-publish","hentry","entry"],"_links":{"self":[{"href":"https:\/\/www.lazzinterni.com.br\/es\/wp-json\/wp\/v2\/pages\/13350","targetHints":{"allow":["GET"]}}],"collection":[{"href":"https:\/\/www.lazzinterni.com.br\/es\/wp-json\/wp\/v2\/pages"}],"about":[{"href":"https:\/\/www.lazzinterni.com.br\/es\/wp-json\/wp\/v2\/types\/page"}],"author":[{"embeddable":true,"href":"https:\/\/www.lazzinterni.com.br\/es\/wp-json\/wp\/v2\/users\/1"}],"replies":[{"embeddable":true,"href":"https:\/\/www.lazzinterni.com.br\/es\/wp-json\/wp\/v2\/comments?post=13350"}],"version-history":[{"count":0,"href":"https:\/\/www.lazzinterni.com.br\/es\/wp-json\/wp\/v2\/pages\/13350\/revisions"}],"up":[{"embeddable":true,"href":"https:\/\/www.lazzinterni.com.br\/es\/wp-json\/wp\/v2\/pages\/9452"}],"wp:attachment":[{"href":"https:\/\/www.lazzinterni.com.br\/es\/wp-json\/wp\/v2\/media?parent=13350"}],"curies":[{"name":"wp","href":"https:\/\/api.w.org\/{rel}","templated":true}]}}