{"id":885,"date":"2022-06-18T11:08:49","date_gmt":"2022-06-18T14:08:49","guid":{"rendered":"https:\/\/site.hima.com.br\/?page_id=885"},"modified":"2025-12-01T13:33:35","modified_gmt":"2025-12-01T16:33:35","slug":"dresden","status":"publish","type":"page","link":"https:\/\/www.lazzinterni.com.br\/en\/colecao\/bancos-e-puffs\/dresden\/","title":{"rendered":"Dresden"},"content":{"rendered":"<div data-elementor-type=\"wp-page\" data-elementor-id=\"885\" class=\"elementor elementor-885\">\n\t\t\t\t\t\t<section class=\"elementor-section elementor-top-section elementor-element elementor-element-2ad7379 elementor-section-boxed elementor-section-height-default elementor-section-height-default\" data-id=\"2ad7379\" data-element_type=\"section\" data-e-type=\"section\" data-settings=\"{&quot;background_background&quot;:&quot;classic&quot;}\">\n\t\t\t\t\t\t<div class=\"elementor-container elementor-column-gap-default\">\n\t\t\t\t\t<div class=\"elementor-column elementor-col-100 elementor-top-column elementor-element elementor-element-301e29d\" data-id=\"301e29d\" data-element_type=\"column\" data-e-type=\"column\">\n\t\t\t<div class=\"elementor-widget-wrap elementor-element-populated\">\n\t\t\t\t\t\t<div class=\"elementor-element elementor-element-df25667 elementor-widget elementor-widget-spacer\" data-id=\"df25667\" data-element_type=\"widget\" data-e-type=\"widget\" data-widget_type=\"spacer.default\">\n\t\t\t\t<div class=\"elementor-widget-container\">\n\t\t\t\t\t\t\t<div class=\"elementor-spacer\">\n\t\t\t<div class=\"elementor-spacer-inner\"><\/div>\n\t\t<\/div>\n\t\t\t\t\t\t<\/div>\n\t\t\t\t<\/div>\n\t\t\t\t\t<\/div>\n\t\t<\/div>\n\t\t\t\t\t<\/div>\n\t\t<\/section>\n\t\t\t\t<section class=\"elementor-section elementor-top-section elementor-element elementor-element-731c8237 elementor-section-boxed elementor-section-height-default elementor-section-height-default\" data-id=\"731c8237\" data-element_type=\"section\" data-e-type=\"section\">\n\t\t\t\t\t\t<div class=\"elementor-container elementor-column-gap-default\">\n\t\t\t\t\t<div class=\"elementor-column elementor-col-100 elementor-top-column elementor-element elementor-element-1ef14505\" data-id=\"1ef14505\" data-element_type=\"column\" data-e-type=\"column\">\n\t\t\t<div class=\"elementor-widget-wrap elementor-element-populated\">\n\t\t\t\t\t\t<div class=\"elementor-element elementor-element-4ee52cb4 elementor-widget elementor-widget-heading\" data-id=\"4ee52cb4\" data-element_type=\"widget\" data-e-type=\"widget\" data-widget_type=\"heading.default\">\n\t\t\t\t<div class=\"elementor-widget-container\">\n\t\t\t\t\t<h3 class=\"elementor-heading-title elementor-size-default\">Dresden<\/h3>\t\t\t\t<\/div>\n\t\t\t\t<\/div>\n\t\t\t\t<div class=\"elementor-element elementor-element-283fa77 elementor-widget elementor-widget-image\" data-id=\"283fa77\" data-element_type=\"widget\" data-e-type=\"widget\" data-widget_type=\"image.default\">\n\t\t\t\t<div class=\"elementor-widget-container\">\n\t\t\t\t\t\t\t\t\t\t\t\t\t\t\t<img fetchpriority=\"high\" decoding=\"async\" width=\"1020\" height=\"650\" src=\"https:\/\/www.lazzinterni.com.br\/wp-content\/uploads\/2022\/06\/lazz-banco-dresden.png\" class=\"attachment-large size-large wp-image-1306\" alt=\"\" srcset=\"https:\/\/www.lazzinterni.com.br\/wp-content\/uploads\/2022\/06\/lazz-banco-dresden.png 1020w, https:\/\/www.lazzinterni.com.br\/wp-content\/uploads\/2022\/06\/lazz-banco-dresden-300x191.png 300w, https:\/\/www.lazzinterni.com.br\/wp-content\/uploads\/2022\/06\/lazz-banco-dresden-768x489.png 768w\" sizes=\"(max-width: 1020px) 100vw, 1020px\" \/>\t\t\t\t\t\t\t\t\t\t\t\t\t\t\t<\/div>\n\t\t\t\t<\/div>\n\t\t\t\t\t<\/div>\n\t\t<\/div>\n\t\t\t\t\t<\/div>\n\t\t<\/section>\n\t\t\t\t<section class=\"elementor-section elementor-top-section elementor-element elementor-element-5b94080 elementor-section-boxed elementor-section-height-default elementor-section-height-default\" data-id=\"5b94080\" data-element_type=\"section\" data-e-type=\"section\">\n\t\t\t\t\t\t<div class=\"elementor-container elementor-column-gap-default\">\n\t\t\t\t\t<div class=\"elementor-column elementor-col-100 elementor-top-column elementor-element elementor-element-ec2026f\" data-id=\"ec2026f\" data-element_type=\"column\" data-e-type=\"column\">\n\t\t\t<div class=\"elementor-widget-wrap elementor-element-populated\">\n\t\t\t\t\t\t<div class=\"elementor-element elementor-element-e9ef054 elementor-widget elementor-widget-text-editor\" data-id=\"e9ef054\" data-element_type=\"widget\" data-e-type=\"widget\" data-widget_type=\"text-editor.default\">\n\t\t\t\t<div class=\"elementor-widget-container\">\n\t\t\t\t\t\t\t\t\t<p>The Dresden Bench is a tribute to the German city of Dresden, known for its stunning architecture and rich cultural and artistic history. Like the city itself, the bench features a robust and versatile structure that combines strength with elegance. Its bold appearance is inspired by Dresden\u2019s iconic rooftops, reflecting the city\u2019s distinctive architecture. The curves present in its design echo the artistic forms found in the region\u2019s architectural details, creating a piece of furniture that is both functional and a work of art.<\/p>\n<p><strong>Designer: Lazz Interni Studio<\/strong><\/p><p><strong><br><\/strong><\/p>\t\t\t\t\t\t\t\t<\/div>\n\t\t\t\t<\/div>\n\t\t\t\t\t<\/div>\n\t\t<\/div>\n\t\t\t\t\t<\/div>\n\t\t<\/section>\n\t\t\t\t<section class=\"elementor-section elementor-top-section elementor-element elementor-element-41a27c5 elementor-section-boxed elementor-section-height-default elementor-section-height-default\" data-id=\"41a27c5\" data-element_type=\"section\" data-e-type=\"section\">\n\t\t\t\t\t\t<div class=\"elementor-container elementor-column-gap-default\">\n\t\t\t\t\t<div class=\"elementor-column elementor-col-100 elementor-top-column elementor-element elementor-element-c952e09\" data-id=\"c952e09\" data-element_type=\"column\" data-e-type=\"column\">\n\t\t\t<div class=\"elementor-widget-wrap elementor-element-populated\">\n\t\t\t\t\t\t<div class=\"elementor-element elementor-element-f0d3742 elementor-pagination-position-inside elementor-widget elementor-widget-image-carousel\" data-id=\"f0d3742\" data-element_type=\"widget\" data-e-type=\"widget\" data-settings=\"{&quot;slides_to_show&quot;:&quot;1&quot;,&quot;navigation&quot;:&quot;dots&quot;,&quot;autoplay&quot;:&quot;yes&quot;,&quot;pause_on_hover&quot;:&quot;yes&quot;,&quot;pause_on_interaction&quot;:&quot;yes&quot;,&quot;autoplay_speed&quot;:5000,&quot;infinite&quot;:&quot;yes&quot;,&quot;effect&quot;:&quot;slide&quot;,&quot;speed&quot;:500}\" data-widget_type=\"image-carousel.default\">\n\t\t\t\t<div class=\"elementor-widget-container\">\n\t\t\t\t\t\t\t<div class=\"elementor-image-carousel-wrapper swiper\" role=\"region\" aria-roledescription=\"carousel\" aria-label=\"Carrossel de imagens\" dir=\"ltr\">\n\t\t\t<div class=\"elementor-image-carousel swiper-wrapper swiper-image-stretch\" aria-live=\"off\">\n\t\t\t\t\t\t\t\t<div class=\"swiper-slide\" role=\"group\" aria-roledescription=\"slide\" aria-label=\"1 of 1\" data-no-translation-aria-label=\"\"><figure class=\"swiper-slide-inner\"><img decoding=\"async\" class=\"swiper-slide-image\" src=\"https:\/\/www.lazzinterni.com.br\/wp-content\/uploads\/2022\/08\/HEN_1091-scaled.jpg\" alt=\"HEN_1091\" \/><\/figure><\/div>\t\t\t<\/div>\n\t\t\t\t\t<\/div>\n\t\t\t\t\t\t<\/div>\n\t\t\t\t<\/div>\n\t\t\t\t<div class=\"elementor-element elementor-element-a339766 elementor-widget elementor-widget-spacer\" data-id=\"a339766\" data-element_type=\"widget\" data-e-type=\"widget\" data-widget_type=\"spacer.default\">\n\t\t\t\t<div class=\"elementor-widget-container\">\n\t\t\t\t\t\t\t<div class=\"elementor-spacer\">\n\t\t\t<div class=\"elementor-spacer-inner\"><\/div>\n\t\t<\/div>\n\t\t\t\t\t\t<\/div>\n\t\t\t\t<\/div>\n\t\t\t\t<div class=\"elementor-element elementor-element-73f1430 elementor-widget elementor-widget-toggle\" data-id=\"73f1430\" data-element_type=\"widget\" data-e-type=\"widget\" data-widget_type=\"toggle.default\">\n\t\t\t\t<div class=\"elementor-widget-container\">\n\t\t\t\t\t\t\t<div class=\"elementor-toggle\">\n\t\t\t\t\t\t\t<div class=\"elementor-toggle-item\">\n\t\t\t\t\t<div id=\"elementor-tab-title-1211\" class=\"elementor-tab-title\" data-tab=\"1\" role=\"button\" aria-controls=\"elementor-tab-content-1211\" aria-expanded=\"false\">\n\t\t\t\t\t\t\t\t\t\t\t\t<span class=\"elementor-toggle-icon elementor-toggle-icon-right\" aria-hidden=\"true\">\n\t\t\t\t\t\t\t\t\t\t\t\t\t\t\t<span class=\"elementor-toggle-icon-closed\"><i class=\"fas fa-chevron-down\"><\/i><\/span>\n\t\t\t\t\t\t\t\t<span class=\"elementor-toggle-icon-opened\"><i class=\"elementor-toggle-icon-opened fas fa-chevron-up\"><\/i><\/span>\n\t\t\t\t\t\t\t\t\t\t\t\t\t<\/span>\n\t\t\t\t\t\t\t\t\t\t\t\t<a class=\"elementor-toggle-title\" tabindex=\"0\">Details<\/a>\n\t\t\t\t\t<\/div>\n\n\t\t\t\t\t<div id=\"elementor-tab-content-1211\" class=\"elementor-tab-content elementor-clearfix\" data-tab=\"1\" role=\"region\" aria-labelledby=\"elementor-tab-title-1211\"><p>Complete structure in cinnamon veneer with amber dyeing.<\/p><p>*Product available in cinnamon veneer only.<\/p><\/div>\n\t\t\t\t<\/div>\n\t\t\t\t\t\t\t<div class=\"elementor-toggle-item\">\n\t\t\t\t\t<div id=\"elementor-tab-title-1212\" class=\"elementor-tab-title\" data-tab=\"2\" role=\"button\" aria-controls=\"elementor-tab-content-1212\" aria-expanded=\"false\">\n\t\t\t\t\t\t\t\t\t\t\t\t<span class=\"elementor-toggle-icon elementor-toggle-icon-right\" aria-hidden=\"true\">\n\t\t\t\t\t\t\t\t\t\t\t\t\t\t\t<span class=\"elementor-toggle-icon-closed\"><i class=\"fas fa-chevron-down\"><\/i><\/span>\n\t\t\t\t\t\t\t\t<span class=\"elementor-toggle-icon-opened\"><i class=\"elementor-toggle-icon-opened fas fa-chevron-up\"><\/i><\/span>\n\t\t\t\t\t\t\t\t\t\t\t\t\t<\/span>\n\t\t\t\t\t\t\t\t\t\t\t\t<a class=\"elementor-toggle-title\" tabindex=\"0\">Dimensions<\/a>\n\t\t\t\t\t<\/div>\n\n\t\t\t\t\t<div id=\"elementor-tab-content-1212\" class=\"elementor-tab-content elementor-clearfix\" data-tab=\"2\" role=\"region\" aria-labelledby=\"elementor-tab-title-1212\"><p>BN1080 &#8211; L 69 x P 46 x A 49cm<\/p><\/div>\n\t\t\t\t<\/div>\n\t\t\t\t\t\t\t\t<\/div>\n\t\t\t\t\t\t<\/div>\n\t\t\t\t<\/div>\n\t\t\t\t\t<\/div>\n\t\t<\/div>\n\t\t\t\t\t<\/div>\n\t\t<\/section>\n\t\t\t\t<section class=\"elementor-section elementor-top-section elementor-element elementor-element-20e9a11 elementor-section-boxed elementor-section-height-default elementor-section-height-default\" data-id=\"20e9a11\" data-element_type=\"section\" data-e-type=\"section\">\n\t\t\t\t\t\t<div class=\"elementor-container elementor-column-gap-default\">\n\t\t\t\t\t<div class=\"elementor-column elementor-col-100 elementor-top-column elementor-element elementor-element-28c53e3\" data-id=\"28c53e3\" data-element_type=\"column\" data-e-type=\"column\">\n\t\t\t<div class=\"elementor-widget-wrap elementor-element-populated\">\n\t\t\t\t\t\t<div class=\"elementor-element elementor-element-ada8034 elementor-widget elementor-widget-heading\" data-id=\"ada8034\" data-element_type=\"widget\" data-e-type=\"widget\" data-widget_type=\"heading.default\">\n\t\t\t\t<div class=\"elementor-widget-container\">\n\t\t\t\t\t<h3 class=\"elementor-heading-title elementor-size-large\">Available Finish<\/h3>\t\t\t\t<\/div>\n\t\t\t\t<\/div>\n\t\t\t\t<div class=\"elementor-element elementor-element-2f0a9f5 elementor-widget elementor-widget-heading\" data-id=\"2f0a9f5\" data-element_type=\"widget\" data-e-type=\"widget\" data-widget_type=\"heading.default\">\n\t\t\t\t<div class=\"elementor-widget-container\">\n\t\t\t\t\t<h2 class=\"elementor-heading-title elementor-size-medium\">Structure \u2013 Cinamomo<\/h2>\t\t\t\t<\/div>\n\t\t\t\t<\/div>\n\t\t\t\t<div class=\"elementor-element elementor-element-dff1834 elementor-widget elementor-widget-image-gallery\" data-id=\"dff1834\" data-element_type=\"widget\" data-e-type=\"widget\" data-widget_type=\"image-gallery.default\">\n\t\t\t\t<div class=\"elementor-widget-container\">\n\t\t\t\t\t\t\t<div class=\"elementor-image-gallery\">\n\t\t\t<div id='gallery-1' class='gallery galleryid-885 gallery-columns-5 gallery-size-thumbnail'><figure class='gallery-item'>\n\t\t\t<div class='gallery-icon landscape'>\n\t\t\t\t<a data-elementor-open-lightbox=\"yes\" data-elementor-lightbox-slideshow=\"dff1834\" data-e-action-hash=\"#elementor-action%3Aaction%3Dlightbox%26settings%3DeyJpZCI6OTgzNCwidXJsIjoiaHR0cHM6XC9cL3d3dy5sYXp6aW50ZXJuaS5jb20uYnJcL3dwLWNvbnRlbnRcL3VwbG9hZHNcLzIwMjRcLzAyXC9DaW5hbW9tby1BbWJhci5qcGVnIiwic2xpZGVzaG93IjoiZGZmMTgzNCJ9\" href='https:\/\/www.lazzinterni.com.br\/wp-content\/uploads\/2024\/02\/Cinamomo-Ambar.jpeg'><img decoding=\"async\" width=\"150\" height=\"150\" src=\"https:\/\/www.lazzinterni.com.br\/wp-content\/uploads\/2024\/02\/Cinamomo-Ambar-150x150.jpeg\" class=\"attachment-thumbnail size-thumbnail\" alt=\"\" aria-describedby=\"gallery-1-9834\" srcset=\"https:\/\/www.lazzinterni.com.br\/wp-content\/uploads\/2024\/02\/Cinamomo-Ambar-150x150.jpeg 150w, https:\/\/www.lazzinterni.com.br\/wp-content\/uploads\/2024\/02\/Cinamomo-Ambar-300x300.jpeg 300w, https:\/\/www.lazzinterni.com.br\/wp-content\/uploads\/2024\/02\/Cinamomo-Ambar-12x12.jpeg 12w, https:\/\/www.lazzinterni.com.br\/wp-content\/uploads\/2024\/02\/Cinamomo-Ambar-600x600.jpeg 600w, https:\/\/www.lazzinterni.com.br\/wp-content\/uploads\/2024\/02\/Cinamomo-Ambar.jpeg 640w\" sizes=\"(max-width: 150px) 100vw, 150px\" \/><\/a>\n\t\t\t<\/div>\n\t\t\t\t<figcaption class='wp-caption-text gallery-caption' id='gallery-1-9834'>\n\t\t\t\tCinnamon\n\t\t\t\t<\/figcaption><\/figure><figure class='gallery-item'>\n\t\t\t<div class='gallery-icon landscape'>\n\t\t\t\t<a data-elementor-open-lightbox=\"yes\" data-elementor-lightbox-slideshow=\"dff1834\" data-e-action-hash=\"#elementor-action%3Aaction%3Dlightbox%26settings%3DeyJpZCI6OTgzNSwidXJsIjoiaHR0cHM6XC9cL3d3dy5sYXp6aW50ZXJuaS5jb20uYnJcL3dwLWNvbnRlbnRcL3VwbG9hZHNcLzIwMjRcLzAyXC9DaW5hbW9tby1DYXN0YW5oby5qcGVnIiwic2xpZGVzaG93IjoiZGZmMTgzNCJ9\" href='https:\/\/www.lazzinterni.com.br\/wp-content\/uploads\/2024\/02\/Cinamomo-Castanho.jpeg'><img decoding=\"async\" width=\"150\" height=\"150\" src=\"https:\/\/www.lazzinterni.com.br\/wp-content\/uploads\/2024\/02\/Cinamomo-Castanho-150x150.jpeg\" class=\"attachment-thumbnail size-thumbnail\" alt=\"\" aria-describedby=\"gallery-1-9835\" srcset=\"https:\/\/www.lazzinterni.com.br\/wp-content\/uploads\/2024\/02\/Cinamomo-Castanho-150x150.jpeg 150w, https:\/\/www.lazzinterni.com.br\/wp-content\/uploads\/2024\/02\/Cinamomo-Castanho-300x300.jpeg 300w, https:\/\/www.lazzinterni.com.br\/wp-content\/uploads\/2024\/02\/Cinamomo-Castanho-12x12.jpeg 12w, https:\/\/www.lazzinterni.com.br\/wp-content\/uploads\/2024\/02\/Cinamomo-Castanho-600x600.jpeg 600w, https:\/\/www.lazzinterni.com.br\/wp-content\/uploads\/2024\/02\/Cinamomo-Castanho.jpeg 640w\" sizes=\"(max-width: 150px) 100vw, 150px\" \/><\/a>\n\t\t\t<\/div>\n\t\t\t\t<figcaption class='wp-caption-text gallery-caption' id='gallery-1-9835'>\n\t\t\t\tBrown\n\t\t\t\t<\/figcaption><\/figure><figure class='gallery-item'>\n\t\t\t<div class='gallery-icon landscape'>\n\t\t\t\t<a data-elementor-open-lightbox=\"yes\" data-elementor-lightbox-slideshow=\"dff1834\" data-e-action-hash=\"#elementor-action%3Aaction%3Dlightbox%26settings%3DeyJpZCI6OTgzNywidXJsIjoiaHR0cHM6XC9cL3d3dy5sYXp6aW50ZXJuaS5jb20uYnJcL3dwLWNvbnRlbnRcL3VwbG9hZHNcLzIwMjRcLzAyXC9DaW5hbW9tby1Nb2thLmpwZWciLCJzbGlkZXNob3ciOiJkZmYxODM0In0%3D\" href='https:\/\/www.lazzinterni.com.br\/wp-content\/uploads\/2024\/02\/Cinamomo-Moka.jpeg'><img loading=\"lazy\" decoding=\"async\" width=\"150\" height=\"150\" src=\"https:\/\/www.lazzinterni.com.br\/wp-content\/uploads\/2024\/02\/Cinamomo-Moka-150x150.jpeg\" class=\"attachment-thumbnail size-thumbnail\" alt=\"\" aria-describedby=\"gallery-1-9837\" srcset=\"https:\/\/www.lazzinterni.com.br\/wp-content\/uploads\/2024\/02\/Cinamomo-Moka-150x150.jpeg 150w, https:\/\/www.lazzinterni.com.br\/wp-content\/uploads\/2024\/02\/Cinamomo-Moka-300x300.jpeg 300w, https:\/\/www.lazzinterni.com.br\/wp-content\/uploads\/2024\/02\/Cinamomo-Moka-12x12.jpeg 12w, https:\/\/www.lazzinterni.com.br\/wp-content\/uploads\/2024\/02\/Cinamomo-Moka-600x600.jpeg 600w, https:\/\/www.lazzinterni.com.br\/wp-content\/uploads\/2024\/02\/Cinamomo-Moka.jpeg 640w\" sizes=\"(max-width: 150px) 100vw, 150px\" \/><\/a>\n\t\t\t<\/div>\n\t\t\t\t<figcaption class='wp-caption-text gallery-caption' id='gallery-1-9837'>\n\t\t\t\tMocca\n\t\t\t\t<\/figcaption><\/figure><figure class='gallery-item'>\n\t\t\t<div class='gallery-icon landscape'>\n\t\t\t\t<a data-elementor-open-lightbox=\"yes\" data-elementor-lightbox-slideshow=\"dff1834\" data-e-action-hash=\"#elementor-action%3Aaction%3Dlightbox%26settings%3DeyJpZCI6OTgzNiwidXJsIjoiaHR0cHM6XC9cL3d3dy5sYXp6aW50ZXJuaS5jb20uYnJcL3dwLWNvbnRlbnRcL3VwbG9hZHNcLzIwMjRcLzAyXC9DaW5hbW9tby1FYmFuaXphZG8uanBlZyIsInNsaWRlc2hvdyI6ImRmZjE4MzQifQ%3D%3D\" href='https:\/\/www.lazzinterni.com.br\/wp-content\/uploads\/2024\/02\/Cinamomo-Ebanizado.jpeg'><img loading=\"lazy\" decoding=\"async\" width=\"150\" height=\"150\" src=\"https:\/\/www.lazzinterni.com.br\/wp-content\/uploads\/2024\/02\/Cinamomo-Ebanizado-150x150.jpeg\" class=\"attachment-thumbnail size-thumbnail\" alt=\"\" aria-describedby=\"gallery-1-9836\" srcset=\"https:\/\/www.lazzinterni.com.br\/wp-content\/uploads\/2024\/02\/Cinamomo-Ebanizado-150x150.jpeg 150w, https:\/\/www.lazzinterni.com.br\/wp-content\/uploads\/2024\/02\/Cinamomo-Ebanizado-300x300.jpeg 300w, https:\/\/www.lazzinterni.com.br\/wp-content\/uploads\/2024\/02\/Cinamomo-Ebanizado-12x12.jpeg 12w, https:\/\/www.lazzinterni.com.br\/wp-content\/uploads\/2024\/02\/Cinamomo-Ebanizado-600x600.jpeg 600w, https:\/\/www.lazzinterni.com.br\/wp-content\/uploads\/2024\/02\/Cinamomo-Ebanizado.jpeg 640w\" sizes=\"(max-width: 150px) 100vw, 150px\" \/><\/a>\n\t\t\t<\/div>\n\t\t\t\t<figcaption class='wp-caption-text gallery-caption' id='gallery-1-9836'>\n\t\t\t\tEbony\n\t\t\t\t<\/figcaption><\/figure><figure class='gallery-item'>\n\t\t\t<div class='gallery-icon landscape'>\n\t\t\t\t<a data-elementor-open-lightbox=\"yes\" data-elementor-lightbox-slideshow=\"dff1834\" data-e-action-hash=\"#elementor-action%3Aaction%3Dlightbox%26settings%3DeyJpZCI6OTgzOCwidXJsIjoiaHR0cHM6XC9cL3d3dy5sYXp6aW50ZXJuaS5jb20uYnJcL3dwLWNvbnRlbnRcL3VwbG9hZHNcLzIwMjRcLzAyXC9DaW5hbW9tby1QYXBpcm8uanBlZyIsInNsaWRlc2hvdyI6ImRmZjE4MzQifQ%3D%3D\" href='https:\/\/www.lazzinterni.com.br\/wp-content\/uploads\/2024\/02\/Cinamomo-Papiro.jpeg'><img loading=\"lazy\" decoding=\"async\" width=\"150\" height=\"150\" src=\"https:\/\/www.lazzinterni.com.br\/wp-content\/uploads\/2024\/02\/Cinamomo-Papiro-150x150.jpeg\" class=\"attachment-thumbnail size-thumbnail\" alt=\"\" aria-describedby=\"gallery-1-9838\" srcset=\"https:\/\/www.lazzinterni.com.br\/wp-content\/uploads\/2024\/02\/Cinamomo-Papiro-150x150.jpeg 150w, https:\/\/www.lazzinterni.com.br\/wp-content\/uploads\/2024\/02\/Cinamomo-Papiro-13x12.jpeg 13w, https:\/\/www.lazzinterni.com.br\/wp-content\/uploads\/2024\/02\/Cinamomo-Papiro-600x600.jpeg 600w\" sizes=\"(max-width: 150px) 100vw, 150px\" \/><\/a>\n\t\t\t<\/div>\n\t\t\t\t<figcaption class='wp-caption-text gallery-caption' id='gallery-1-9838'>\n\t\t\t\tPapyrus\n\t\t\t\t<\/figcaption><\/figure><figure class='gallery-item'>\n\t\t\t<div class='gallery-icon landscape'>\n\t\t\t\t<a data-elementor-open-lightbox=\"yes\" data-elementor-lightbox-slideshow=\"dff1834\" data-e-action-hash=\"#elementor-action%3Aaction%3Dlightbox%26settings%3DeyJpZCI6MTQxOTgsInVybCI6Imh0dHBzOlwvXC93d3cubGF6emludGVybmkuY29tLmJyXC93cC1jb250ZW50XC91cGxvYWRzXC8yMDI1XC8wOVwvV2hhdHNBcHAtSW1hZ2UtMjAyNS0wMi0xMy1hdC0wNy41My40OS5qcGVnIiwic2xpZGVzaG93IjoiZGZmMTgzNCJ9\" href='https:\/\/www.lazzinterni.com.br\/wp-content\/uploads\/2025\/09\/WhatsApp-Image-2025-02-13-at-07.53.49.jpeg'><img loading=\"lazy\" decoding=\"async\" width=\"150\" height=\"150\" src=\"https:\/\/www.lazzinterni.com.br\/wp-content\/uploads\/2025\/09\/WhatsApp-Image-2025-02-13-at-07.53.49-150x150.jpeg\" class=\"attachment-thumbnail size-thumbnail\" alt=\"\" aria-describedby=\"gallery-1-14198\" srcset=\"https:\/\/www.lazzinterni.com.br\/wp-content\/uploads\/2025\/09\/WhatsApp-Image-2025-02-13-at-07.53.49-150x150.jpeg 150w, https:\/\/www.lazzinterni.com.br\/wp-content\/uploads\/2025\/09\/WhatsApp-Image-2025-02-13-at-07.53.49-12x12.jpeg 12w, https:\/\/www.lazzinterni.com.br\/wp-content\/uploads\/2025\/09\/WhatsApp-Image-2025-02-13-at-07.53.49-600x600.jpeg 600w\" sizes=\"(max-width: 150px) 100vw, 150px\" \/><\/a>\n\t\t\t<\/div>\n\t\t\t\t<figcaption class='wp-caption-text gallery-caption' id='gallery-1-14198'>\n\t\t\t\tAlpi\n\t\t\t\t<\/figcaption><\/figure>\n\t\t<\/div>\n\t\t<\/div>\n\t\t\t\t\t\t<\/div>\n\t\t\t\t<\/div>\n\t\t\t\t\t<\/div>\n\t\t<\/div>\n\t\t\t\t\t<\/div>\n\t\t<\/section>\n\t\t\t\t<\/div>","protected":false},"excerpt":{"rendered":"<p>Dresden O banco Dresden \u00e9 uma homenagem \u00e0 cidade alem\u00e3 de Dresden, conhecida por sua arquitetura deslumbrante e sua hist\u00f3ria rica em cultura e arte. Assim como a cidade, o banco possui uma estrutura robusta e vers\u00e1til, que combina resist\u00eancia com eleg\u00e2ncia. Seu visual ousado \u00e9 inspirado nos famosos telhados de Dresden, refletindo a arquitetura [&hellip;]<\/p>\n","protected":false},"author":1,"featured_media":0,"parent":593,"menu_order":0,"comment_status":"closed","ping_status":"closed","template":"","meta":{"ocean_post_layout":"full-screen","ocean_both_sidebars_style":"","ocean_both_sidebars_content_width":0,"ocean_both_sidebars_sidebars_width":0,"ocean_sidebar":"0","ocean_second_sidebar":"0","ocean_disable_margins":"on","ocean_add_body_class":"","ocean_shortcode_before_top_bar":"","ocean_shortcode_after_top_bar":"","ocean_shortcode_before_header":"","ocean_shortcode_after_header":"","ocean_has_shortcode":"","ocean_shortcode_after_title":"","ocean_shortcode_before_footer_widgets":"","ocean_shortcode_after_footer_widgets":"","ocean_shortcode_before_footer_bottom":"","ocean_shortcode_after_footer_bottom":"","ocean_display_top_bar":"default","ocean_display_header":"default","ocean_header_style":"","ocean_center_header_left_menu":"0","ocean_custom_header_template":"0","ocean_custom_logo":0,"ocean_custom_retina_logo":0,"ocean_custom_logo_max_width":0,"ocean_custom_logo_tablet_max_width":0,"ocean_custom_logo_mobile_max_width":0,"ocean_custom_logo_max_height":0,"ocean_custom_logo_tablet_max_height":0,"ocean_custom_logo_mobile_max_height":0,"ocean_header_custom_menu":"0","ocean_menu_typo_font_family":"0","ocean_menu_typo_font_subset":"","ocean_menu_typo_font_size":0,"ocean_menu_typo_font_size_tablet":0,"ocean_menu_typo_font_size_mobile":0,"ocean_menu_typo_font_size_unit":"px","ocean_menu_typo_font_weight":"","ocean_menu_typo_font_weight_tablet":"","ocean_menu_typo_font_weight_mobile":"","ocean_menu_typo_transform":"","ocean_menu_typo_transform_tablet":"","ocean_menu_typo_transform_mobile":"","ocean_menu_typo_line_height":0,"ocean_menu_typo_line_height_tablet":0,"ocean_menu_typo_line_height_mobile":0,"ocean_menu_typo_line_height_unit":"","ocean_menu_typo_spacing":0,"ocean_menu_typo_spacing_tablet":0,"ocean_menu_typo_spacing_mobile":0,"ocean_menu_typo_spacing_unit":"","ocean_menu_link_color":"","ocean_menu_link_color_hover":"","ocean_menu_link_color_active":"","ocean_menu_link_background":"","ocean_menu_link_hover_background":"","ocean_menu_link_active_background":"","ocean_menu_social_links_bg":"","ocean_menu_social_hover_links_bg":"","ocean_menu_social_links_color":"","ocean_menu_social_hover_links_color":"","ocean_disable_title":"on","ocean_disable_heading":"default","ocean_post_title":"","ocean_post_subheading":"","ocean_post_title_style":"","ocean_post_title_background_color":"","ocean_post_title_background":0,"ocean_post_title_bg_image_position":"","ocean_post_title_bg_image_attachment":"","ocean_post_title_bg_image_repeat":"","ocean_post_title_bg_image_size":"","ocean_post_title_height":0,"ocean_post_title_bg_overlay":0.5,"ocean_post_title_bg_overlay_color":"","ocean_disable_breadcrumbs":"default","ocean_breadcrumbs_color":"","ocean_breadcrumbs_separator_color":"","ocean_breadcrumbs_links_color":"","ocean_breadcrumbs_links_hover_color":"","ocean_display_footer_widgets":"default","ocean_display_footer_bottom":"default","ocean_custom_footer_template":"0","footnotes":""},"class_list":["post-885","page","type-page","status-publish","hentry","entry"],"_links":{"self":[{"href":"https:\/\/www.lazzinterni.com.br\/en\/wp-json\/wp\/v2\/pages\/885","targetHints":{"allow":["GET"]}}],"collection":[{"href":"https:\/\/www.lazzinterni.com.br\/en\/wp-json\/wp\/v2\/pages"}],"about":[{"href":"https:\/\/www.lazzinterni.com.br\/en\/wp-json\/wp\/v2\/types\/page"}],"author":[{"embeddable":true,"href":"https:\/\/www.lazzinterni.com.br\/en\/wp-json\/wp\/v2\/users\/1"}],"replies":[{"embeddable":true,"href":"https:\/\/www.lazzinterni.com.br\/en\/wp-json\/wp\/v2\/comments?post=885"}],"version-history":[{"count":0,"href":"https:\/\/www.lazzinterni.com.br\/en\/wp-json\/wp\/v2\/pages\/885\/revisions"}],"up":[{"embeddable":true,"href":"https:\/\/www.lazzinterni.com.br\/en\/wp-json\/wp\/v2\/pages\/593"}],"wp:attachment":[{"href":"https:\/\/www.lazzinterni.com.br\/en\/wp-json\/wp\/v2\/media?parent=885"}],"curies":[{"name":"wp","href":"https:\/\/api.w.org\/{rel}","templated":true}]}}